{"id":3331,"date":"2022-03-31T01:16:13","date_gmt":"2022-03-31T01:16:13","guid":{"rendered":"https:\/\/www.domainearquiris.com\/?post_type=product&#038;p=3331"},"modified":"2022-12-25T13:36:17","modified_gmt":"2022-12-25T13:36:17","slug":"cuvee-pourquoi-pas","status":"publish","type":"product","link":"https:\/\/www.domainearquiris.com\/fr\/produit\/cuvee-pourquoi-pas\/","title":{"rendered":"Cuv\u00e9e Pourquoi pas !"},"content":{"rendered":"<p class=\"preFade fadeIn\"><strong>Appellation : <\/strong>IGP C\u00f4tes Catalanes<\/p>\n<p class=\"preFade fadeIn\"><strong>Certifications: <\/strong>vin biodynamique certifi\u00e9 par <em>Ecocert FR-BIO-01<\/em>vin biodynamique certifi\u00e9 par <em>Demeter<\/em><\/p>\n<p class=\"preFade fadeIn\"><strong>C\u00e9pages: <\/strong>35% Grenache Blanc, 35% Macabeu, 30% Souvignier Gris<\/p>\n<p class=\"preFade fadeIn\"><strong>Degr\u00e9: <\/strong>12% vol.<\/p>\n<p class=\"preFade fadeIn\"><strong>Caract\u00e9ristiques: <\/strong>Ce vin d\u2019une belle robe jaune pale limpide offre \u00e0 l\u2019attaque de la fra\u00eecheur. Des notes de petits fruits \u00e0 chair blanche aux notes tropicales et de \u00ab pomelo \u00bb se d\u00e9veloppent en bouche. La pr\u00e9sence de Macabeu apporte le gras \u00e0 ce vin largement \u00e9quilibr\u00e9 par son acidit\u00e9 naturelle, qui lui donne une possibilit\u00e9 de garde rare pour un vin biodynamique. Ce vin, qui se go\u00fbte bien, \u00e9voque notre r\u00e9gion, le sud de France, par son harmonie contrast\u00e9e l\u00e9ger\/typ\u00e9, clair\/fruit\u00e9, frais\/structur\u00e9.<\/p>","protected":false},"excerpt":{"rendered":"<div class=\"ProductItem-details-excerpt\" data-content-field=\"excerpt\">\n<p class=\"sqsrte-large preFade fadeIn\">Pourquoi pas faire le pari de restaurer la vie du sol pour fa\u00e7onner un vin vivant, sec et rond, harmonieux et \u00e9quilibr\u00e9 !<\/p>\n<h4 class=\"preFade fadeIn\">Blanc C\u00f4tes Catalanes\u00a0<em>Demeter<\/em><\/h4>\n<\/div>","protected":false},"featured_media":3582,"template":"","meta":{"_mi_skip_tracking":false,"_monsterinsights_sitenote_active":false,"_monsterinsights_sitenote_note":"","_monsterinsights_sitenote_category":0,"_vp_format_video_url":"","_vp_image_focal_point":[]},"product_cat":[15],"product_tag":[],"class_list":["post-3331","product","type-product","status-publish","has-post-thumbnail","hentry","product_cat-uncategorized"],"aioseo_notices":[],"yoast_head":"<!-- This site is optimized with the Yoast SEO plugin v21.4 - https:\/\/yoast.com\/wordpress\/plugins\/seo\/ -->\n<title>Cuv\u00e9e Pourquoi pas ! - Domaine Arquiris<\/title>\n<meta name=\"robots\" content=\"index, follow, max-snippet:-1, max-image-preview:large, max-video-preview:-1\" \/>\n<link rel=\"canonical\" href=\"https:\/\/www.domainearquiris.com\/fr\/produit\/cuvee-pourquoi-pas\/\" \/>\n<meta property=\"og:locale\" content=\"fr_FR\" \/>\n<meta property=\"og:type\" content=\"article\" \/>\n<meta property=\"og:title\" content=\"Cuv\u00e9e Pourquoi pas ! - Domaine Arquiris\" \/>\n<meta property=\"og:description\" content=\"Why not take the gamble of restoring the life of the soil to create a living wine, dry and round, harmonious and balanced!  White C\u00f4tes Catalanes\u00a0Demeter\" \/>\n<meta property=\"og:url\" content=\"https:\/\/www.domainearquiris.com\/fr\/produit\/cuvee-pourquoi-pas\/\" \/>\n<meta property=\"og:site_name\" content=\"Domaine Arquiris\" \/>\n<meta property=\"article:modified_time\" content=\"2022-12-25T13:36:17+00:00\" \/>\n<meta property=\"og:image\" content=\"https:\/\/www.domainearquiris.com\/wp-content\/uploads\/2022\/03\/IMG_2782-scaled.jpg\" \/>\n\t<meta property=\"og:image:width\" content=\"1131\" \/>\n\t<meta property=\"og:image:height\" content=\"2560\" \/>\n\t<meta property=\"og:image:type\" content=\"image\/jpeg\" \/>\n<meta name=\"twitter:card\" content=\"summary_large_image\" \/>\n<meta name=\"twitter:label1\" content=\"Dur\u00e9e de lecture estim\u00e9e\" \/>\n\t<meta name=\"twitter:data1\" content=\"1 minute\" \/>\n<script type=\"application\/ld+json\" class=\"yoast-schema-graph\">{\"@context\":\"https:\/\/schema.org\",\"@graph\":[{\"@type\":\"WebPage\",\"@id\":\"https:\/\/www.domainearquiris.com\/fr\/produit\/cuvee-pourquoi-pas\/\",\"url\":\"https:\/\/www.domainearquiris.com\/fr\/produit\/cuvee-pourquoi-pas\/\",\"name\":\"Cuv\u00e9e Pourquoi pas ! - Domaine Arquiris\",\"isPartOf\":{\"@id\":\"https:\/\/www.domainearquiris.com\/#website\"},\"datePublished\":\"2022-03-31T01:16:13+00:00\",\"dateModified\":\"2022-12-25T13:36:17+00:00\",\"breadcrumb\":{\"@id\":\"https:\/\/www.domainearquiris.com\/fr\/produit\/cuvee-pourquoi-pas\/#breadcrumb\"},\"inLanguage\":\"fr-FR\",\"potentialAction\":[{\"@type\":\"ReadAction\",\"target\":[\"https:\/\/www.domainearquiris.com\/fr\/produit\/cuvee-pourquoi-pas\/\"]}]},{\"@type\":\"BreadcrumbList\",\"@id\":\"https:\/\/www.domainearquiris.com\/fr\/produit\/cuvee-pourquoi-pas\/#breadcrumb\",\"itemListElement\":[{\"@type\":\"ListItem\",\"position\":1,\"name\":\"Home\",\"item\":\"https:\/\/www.domainearquiris.com\/\"},{\"@type\":\"ListItem\",\"position\":2,\"name\":\"Cuv\u00e9e Pourquoi pas !\"}]},{\"@type\":\"WebSite\",\"@id\":\"https:\/\/www.domainearquiris.com\/#website\",\"url\":\"https:\/\/www.domainearquiris.com\/\",\"name\":\"Domaine Arquiris\",\"description\":\"Winary\",\"potentialAction\":[{\"@type\":\"SearchAction\",\"target\":{\"@type\":\"EntryPoint\",\"urlTemplate\":\"https:\/\/www.domainearquiris.com\/?s={search_term_string}\"},\"query-input\":\"required name=search_term_string\"}],\"inLanguage\":\"fr-FR\"}]}<\/script>\n<!-- \/ Yoast SEO plugin. -->","yoast_head_json":{"title":"Cuv\u00e9e Pourquoi pas ! - Domaine Arquiris","robots":{"index":"index","follow":"follow","max-snippet":"max-snippet:-1","max-image-preview":"max-image-preview:large","max-video-preview":"max-video-preview:-1"},"canonical":"https:\/\/www.domainearquiris.com\/fr\/produit\/cuvee-pourquoi-pas\/","og_locale":"fr_FR","og_type":"article","og_title":"Cuv\u00e9e Pourquoi pas ! - Domaine Arquiris","og_description":"Why not take the gamble of restoring the life of the soil to create a living wine, dry and round, harmonious and balanced!  White C\u00f4tes Catalanes\u00a0Demeter","og_url":"https:\/\/www.domainearquiris.com\/fr\/produit\/cuvee-pourquoi-pas\/","og_site_name":"Domaine Arquiris","article_modified_time":"2022-12-25T13:36:17+00:00","og_image":[{"width":1131,"height":2560,"url":"https:\/\/www.domainearquiris.com\/wp-content\/uploads\/2022\/03\/IMG_2782-scaled.jpg","type":"image\/jpeg"}],"twitter_card":"summary_large_image","twitter_misc":{"Dur\u00e9e de lecture estim\u00e9e":"1 minute"},"schema":{"@context":"https:\/\/schema.org","@graph":[{"@type":"WebPage","@id":"https:\/\/www.domainearquiris.com\/fr\/produit\/cuvee-pourquoi-pas\/","url":"https:\/\/www.domainearquiris.com\/fr\/produit\/cuvee-pourquoi-pas\/","name":"Cuv\u00e9e Pourquoi pas ! - Domaine Arquiris","isPartOf":{"@id":"https:\/\/www.domainearquiris.com\/#website"},"datePublished":"2022-03-31T01:16:13+00:00","dateModified":"2022-12-25T13:36:17+00:00","breadcrumb":{"@id":"https:\/\/www.domainearquiris.com\/fr\/produit\/cuvee-pourquoi-pas\/#breadcrumb"},"inLanguage":"fr-FR","potentialAction":[{"@type":"ReadAction","target":["https:\/\/www.domainearquiris.com\/fr\/produit\/cuvee-pourquoi-pas\/"]}]},{"@type":"BreadcrumbList","@id":"https:\/\/www.domainearquiris.com\/fr\/produit\/cuvee-pourquoi-pas\/#breadcrumb","itemListElement":[{"@type":"ListItem","position":1,"name":"Home","item":"https:\/\/www.domainearquiris.com\/"},{"@type":"ListItem","position":2,"name":"Cuv\u00e9e Pourquoi pas !"}]},{"@type":"WebSite","@id":"https:\/\/www.domainearquiris.com\/#website","url":"https:\/\/www.domainearquiris.com\/","name":"Domaine Arquiris","description":"Winary","potentialAction":[{"@type":"SearchAction","target":{"@type":"EntryPoint","urlTemplate":"https:\/\/www.domainearquiris.com\/?s={search_term_string}"},"query-input":"required name=search_term_string"}],"inLanguage":"fr-FR"}]}},"_links":{"self":[{"href":"https:\/\/www.domainearquiris.com\/fr\/wp-json\/wp\/v2\/product\/3331","targetHints":{"allow":["GET"]}}],"collection":[{"href":"https:\/\/www.domainearquiris.com\/fr\/wp-json\/wp\/v2\/product"}],"about":[{"href":"https:\/\/www.domainearquiris.com\/fr\/wp-json\/wp\/v2\/types\/product"}],"wp:featuredmedia":[{"embeddable":true,"href":"https:\/\/www.domainearquiris.com\/fr\/wp-json\/wp\/v2\/media\/3582"}],"wp:attachment":[{"href":"https:\/\/www.domainearquiris.com\/fr\/wp-json\/wp\/v2\/media?parent=3331"}],"wp:term":[{"taxonomy":"product_cat","embeddable":true,"href":"https:\/\/www.domainearquiris.com\/fr\/wp-json\/wp\/v2\/product_cat?post=3331"},{"taxonomy":"product_tag","embeddable":true,"href":"https:\/\/www.domainearquiris.com\/fr\/wp-json\/wp\/v2\/product_tag?post=3331"}],"curies":[{"name":"wp","href":"https:\/\/api.w.org\/{rel}","templated":true}]}}