{"id":2721,"date":"2022-03-28T16:51:44","date_gmt":"2022-03-28T16:51:44","guid":{"rendered":"https:\/\/www.domainearquiris.com\/?post_type=product&#038;p=2721"},"modified":"2022-12-25T13:36:36","modified_gmt":"2022-12-25T13:36:36","slug":"cuvee-pourquoi","status":"publish","type":"product","link":"https:\/\/www.domainearquiris.com\/fr\/produit\/cuvee-pourquoi\/","title":{"rendered":"Cuv\u00e9e Pourquoi?"},"content":{"rendered":"<p class=\"preFade fadeIn\"><strong>Appellation : <\/strong>IGP C\u00f4tes Catalanes<\/p>\n<p class=\"preFade fadeIn\"><strong>Certifications:<\/strong><strong>:<\/strong> vin biodynamique certifi\u00e9 par <em>Ecocert FR-BIO-01<\/em>vin biodynamique certifi\u00e9 par <em>Demeter<\/em><\/p>\n<p class=\"preFade fadeIn\"><strong>C\u00e9pages: <\/strong>25% Syrah, 25% Vieux Grenache, 25% Vieux Carignan, 20% Mourv\u00e8dre, 5% Chenanson<\/p>\n<p class=\"preFade fadeIn\"><strong>Degr\u00e9: <\/strong>13% vol<strong>.<\/strong><\/p>\n<p class=\"preFade fadeIn\"><strong>Caract\u00e9ristiques du vin:<\/strong> Sa robe est grenat fonc\u00e9e. Le nez est marqu\u00e9 par de jolies notes de fruits noirs, proche du cassis. L\u2019attaque est souple et glissante. La bouche est marqu\u00e9e par une note \u00abpain grill\u00e9\u00bb. Le chenanson apporte souplesse et particularit\u00e9 \u00e0 ce vin. Avec une juste acidit\u00e9, cette cuv\u00e9e suave offre un bouquet aromatique stable, long en bouche.<\/p>","protected":false},"excerpt":{"rendered":"<div class=\"ProductItem-details-excerpt\" data-content-field=\"excerpt\">\n<p>Pourquoi la biodiversit\u00e9 est-elle indispensable \u00e0 la naissance d\u2019un vin souple, fruit\u00e9, et suave, offrant un bouquet aromatique stable et long en bouche ?<\/p>\n<h4 class=\"preFade fadeIn\">Rouge C\u00f4tes Catalanes\u00a0<em>Demeter<\/em><\/h4>\n<\/div>","protected":false},"featured_media":2722,"template":"","meta":{"_mi_skip_tracking":false,"_monsterinsights_sitenote_active":false,"_monsterinsights_sitenote_note":"","_monsterinsights_sitenote_category":0,"_vp_format_video_url":"","_vp_image_focal_point":[]},"product_cat":[15],"product_tag":[],"class_list":["post-2721","product","type-product","status-publish","has-post-thumbnail","hentry","product_cat-uncategorized"],"aioseo_notices":[],"yoast_head":"<!-- This site is optimized with the Yoast SEO plugin v21.4 - https:\/\/yoast.com\/wordpress\/plugins\/seo\/ -->\n<title>Cuv\u00e9e Pourquoi? - Domaine Arquiris<\/title>\n<meta name=\"robots\" content=\"index, follow, max-snippet:-1, max-image-preview:large, max-video-preview:-1\" \/>\n<link rel=\"canonical\" href=\"https:\/\/www.domainearquiris.com\/fr\/produit\/cuvee-pourquoi\/\" \/>\n<meta property=\"og:locale\" content=\"fr_FR\" \/>\n<meta property=\"og:type\" content=\"article\" \/>\n<meta property=\"og:title\" content=\"Cuv\u00e9e Pourquoi? - Domaine Arquiris\" \/>\n<meta property=\"og:description\" content=\"Why is biodiversity essential to the creation of a supple, fruity and smooth wine with a stable aromatic bouquet and a long finish? Red C\u00f4tes Catalanes\u00a0Demeter\" \/>\n<meta property=\"og:url\" content=\"https:\/\/www.domainearquiris.com\/fr\/produit\/cuvee-pourquoi\/\" \/>\n<meta property=\"og:site_name\" content=\"Domaine Arquiris\" \/>\n<meta property=\"article:modified_time\" content=\"2022-12-25T13:36:36+00:00\" \/>\n<meta property=\"og:image\" content=\"https:\/\/www.domainearquiris.com\/wp-content\/uploads\/2022\/03\/IMG_2770.jpg\" \/>\n\t<meta property=\"og:image:width\" content=\"1000\" \/>\n\t<meta property=\"og:image:height\" content=\"2267\" \/>\n\t<meta property=\"og:image:type\" content=\"image\/jpeg\" \/>\n<meta name=\"twitter:card\" content=\"summary_large_image\" \/>\n<script type=\"application\/ld+json\" class=\"yoast-schema-graph\">{\"@context\":\"https:\/\/schema.org\",\"@graph\":[{\"@type\":\"WebPage\",\"@id\":\"https:\/\/www.domainearquiris.com\/fr\/produit\/cuvee-pourquoi\/\",\"url\":\"https:\/\/www.domainearquiris.com\/fr\/produit\/cuvee-pourquoi\/\",\"name\":\"Cuv\u00e9e Pourquoi? - Domaine Arquiris\",\"isPartOf\":{\"@id\":\"https:\/\/www.domainearquiris.com\/#website\"},\"datePublished\":\"2022-03-28T16:51:44+00:00\",\"dateModified\":\"2022-12-25T13:36:36+00:00\",\"breadcrumb\":{\"@id\":\"https:\/\/www.domainearquiris.com\/fr\/produit\/cuvee-pourquoi\/#breadcrumb\"},\"inLanguage\":\"fr-FR\",\"potentialAction\":[{\"@type\":\"ReadAction\",\"target\":[\"https:\/\/www.domainearquiris.com\/fr\/produit\/cuvee-pourquoi\/\"]}]},{\"@type\":\"BreadcrumbList\",\"@id\":\"https:\/\/www.domainearquiris.com\/fr\/produit\/cuvee-pourquoi\/#breadcrumb\",\"itemListElement\":[{\"@type\":\"ListItem\",\"position\":1,\"name\":\"Home\",\"item\":\"https:\/\/www.domainearquiris.com\/\"},{\"@type\":\"ListItem\",\"position\":2,\"name\":\"Cuv\u00e9e Pourquoi?\"}]},{\"@type\":\"WebSite\",\"@id\":\"https:\/\/www.domainearquiris.com\/#website\",\"url\":\"https:\/\/www.domainearquiris.com\/\",\"name\":\"Domaine Arquiris\",\"description\":\"Winary\",\"potentialAction\":[{\"@type\":\"SearchAction\",\"target\":{\"@type\":\"EntryPoint\",\"urlTemplate\":\"https:\/\/www.domainearquiris.com\/?s={search_term_string}\"},\"query-input\":\"required name=search_term_string\"}],\"inLanguage\":\"fr-FR\"}]}<\/script>\n<!-- \/ Yoast SEO plugin. -->","yoast_head_json":{"title":"Cuv\u00e9e Pourquoi? - Domaine Arquiris","robots":{"index":"index","follow":"follow","max-snippet":"max-snippet:-1","max-image-preview":"max-image-preview:large","max-video-preview":"max-video-preview:-1"},"canonical":"https:\/\/www.domainearquiris.com\/fr\/produit\/cuvee-pourquoi\/","og_locale":"fr_FR","og_type":"article","og_title":"Cuv\u00e9e Pourquoi? - Domaine Arquiris","og_description":"Why is biodiversity essential to the creation of a supple, fruity and smooth wine with a stable aromatic bouquet and a long finish? Red C\u00f4tes Catalanes\u00a0Demeter","og_url":"https:\/\/www.domainearquiris.com\/fr\/produit\/cuvee-pourquoi\/","og_site_name":"Domaine Arquiris","article_modified_time":"2022-12-25T13:36:36+00:00","og_image":[{"width":1000,"height":2267,"url":"https:\/\/www.domainearquiris.com\/wp-content\/uploads\/2022\/03\/IMG_2770.jpg","type":"image\/jpeg"}],"twitter_card":"summary_large_image","schema":{"@context":"https:\/\/schema.org","@graph":[{"@type":"WebPage","@id":"https:\/\/www.domainearquiris.com\/fr\/produit\/cuvee-pourquoi\/","url":"https:\/\/www.domainearquiris.com\/fr\/produit\/cuvee-pourquoi\/","name":"Cuv\u00e9e Pourquoi? - Domaine Arquiris","isPartOf":{"@id":"https:\/\/www.domainearquiris.com\/#website"},"datePublished":"2022-03-28T16:51:44+00:00","dateModified":"2022-12-25T13:36:36+00:00","breadcrumb":{"@id":"https:\/\/www.domainearquiris.com\/fr\/produit\/cuvee-pourquoi\/#breadcrumb"},"inLanguage":"fr-FR","potentialAction":[{"@type":"ReadAction","target":["https:\/\/www.domainearquiris.com\/fr\/produit\/cuvee-pourquoi\/"]}]},{"@type":"BreadcrumbList","@id":"https:\/\/www.domainearquiris.com\/fr\/produit\/cuvee-pourquoi\/#breadcrumb","itemListElement":[{"@type":"ListItem","position":1,"name":"Home","item":"https:\/\/www.domainearquiris.com\/"},{"@type":"ListItem","position":2,"name":"Cuv\u00e9e Pourquoi?"}]},{"@type":"WebSite","@id":"https:\/\/www.domainearquiris.com\/#website","url":"https:\/\/www.domainearquiris.com\/","name":"Domaine Arquiris","description":"Winary","potentialAction":[{"@type":"SearchAction","target":{"@type":"EntryPoint","urlTemplate":"https:\/\/www.domainearquiris.com\/?s={search_term_string}"},"query-input":"required name=search_term_string"}],"inLanguage":"fr-FR"}]}},"_links":{"self":[{"href":"https:\/\/www.domainearquiris.com\/fr\/wp-json\/wp\/v2\/product\/2721","targetHints":{"allow":["GET"]}}],"collection":[{"href":"https:\/\/www.domainearquiris.com\/fr\/wp-json\/wp\/v2\/product"}],"about":[{"href":"https:\/\/www.domainearquiris.com\/fr\/wp-json\/wp\/v2\/types\/product"}],"wp:featuredmedia":[{"embeddable":true,"href":"https:\/\/www.domainearquiris.com\/fr\/wp-json\/wp\/v2\/media\/2722"}],"wp:attachment":[{"href":"https:\/\/www.domainearquiris.com\/fr\/wp-json\/wp\/v2\/media?parent=2721"}],"wp:term":[{"taxonomy":"product_cat","embeddable":true,"href":"https:\/\/www.domainearquiris.com\/fr\/wp-json\/wp\/v2\/product_cat?post=2721"},{"taxonomy":"product_tag","embeddable":true,"href":"https:\/\/www.domainearquiris.com\/fr\/wp-json\/wp\/v2\/product_tag?post=2721"}],"curies":[{"name":"wp","href":"https:\/\/api.w.org\/{rel}","templated":true}]}}