{"id":1788,"date":"2018-05-10T06:59:45","date_gmt":"2018-05-10T06:59:45","guid":{"rendered":"http:\/\/wp.dexifly.com\/cuber\/?page_id=1788"},"modified":"2022-08-13T18:24:49","modified_gmt":"2022-08-13T18:24:49","slug":"the-estate","status":"publish","type":"page","link":"https:\/\/www.domainearquiris.com\/fr\/the-estate\/","title":{"rendered":"Le Domaine"},"content":{"rendered":"<div class=\"vc_row wpb_row vc_row-fluid vc_row-o-content-middle vc_row-flex color--white height-70\"><div class=\"wpb_column vc_column_container vc_col-sm-12\"><div class=\"vc_column-inner\"><div class=\"wpb_wrapper\">\n\t<div class=\"wpb_text_column wpb_content_element\" >\n\t\t<div class=\"wpb_wrapper\">\n\t\t\t<h1 style=\"text-align: center;\">Le Domaine<\/h1>\n\n\t\t<\/div>\n\t<\/div>\n<\/div><\/div><\/div><\/div><div class=\"nk-awb  nk-awb-after-vc_row\" ><div class=\"nk-awb-wrap\" data-awb-type=\"image\" data-awb-stretch=\"true\" data-awb-image-background-size=\"cover\" data-awb-image-background-position=\"50% 50%\"><div class=\"nk-awb-overlay\" style=\"background-color: rgba(0,0,0,0.01);\"><\/div><div  class=\"nk-awb-inner\"><img loading=\"lazy\" decoding=\"async\" width=\"2560\" height=\"1705\" src=\"https:\/\/www.domainearquiris.com\/wp-content\/uploads\/2022\/07\/20210917_0100-scaled.jpg\" class=\"jarallax-img\" alt=\"\" style=\"object-position: 50% 50%;\" srcset=\"https:\/\/www.domainearquiris.com\/wp-content\/uploads\/2022\/07\/20210917_0100-scaled.jpg 2560w, https:\/\/www.domainearquiris.com\/wp-content\/uploads\/2022\/07\/20210917_0100-300x200.jpg 300w, https:\/\/www.domainearquiris.com\/wp-content\/uploads\/2022\/07\/20210917_0100-1024x682.jpg 1024w, https:\/\/www.domainearquiris.com\/wp-content\/uploads\/2022\/07\/20210917_0100-150x100.jpg 150w, https:\/\/www.domainearquiris.com\/wp-content\/uploads\/2022\/07\/20210917_0100-768x511.jpg 768w, https:\/\/www.domainearquiris.com\/wp-content\/uploads\/2022\/07\/20210917_0100-1536x1023.jpg 1536w, https:\/\/www.domainearquiris.com\/wp-content\/uploads\/2022\/07\/20210917_0100-2048x1364.jpg 2048w, https:\/\/www.domainearquiris.com\/wp-content\/uploads\/2022\/07\/20210917_0100-18x12.jpg 18w, https:\/\/www.domainearquiris.com\/wp-content\/uploads\/2022\/07\/20210917_0100-500x333.jpg 500w, https:\/\/www.domainearquiris.com\/wp-content\/uploads\/2022\/07\/20210917_0100-800x533.jpg 800w\" sizes=\"auto, (max-width: 2560px) 100vw, 2560px\" \/><\/div><\/div><\/div><div data-vc-full-width=\"true\" data-vc-full-width-init=\"false\" data-vc-stretch-content=\"true\" class=\"vc_row wpb_row vc_row-fluid vc_custom_1658237220795 vc_row-no-padding\"><div class=\"wpb_column vc_column_container vc_col-sm-12\"><div class=\"vc_column-inner\"><div class=\"wpb_wrapper\">\r\n                <div class=\"container-fluid p-0 climate\">\r\n                        <div class=\"row d-flex align-items-center\">\r\n                            <div class=\"col-lg-6 p-0\">\r\n                                <div class=\"image-holder height-70\" data-background=\"https:\/\/www.domainearquiris.com\/wp-content\/uploads\/2022\/06\/20210917_0147.jpg\" >\r\n                                    \r\n                                <\/div>\r\n                            <\/div>\r\n                            <div class=\"col-lg-4 offset-lg-1 p-6 p-lg-0\" >\r\n                                \n\t<div class=\"wpb_text_column wpb_content_element\" >\n\t\t<div class=\"wpb_wrapper\">\n\t\t\t<h3 class=\"preScale scaleIn\">Un terroir et un climat<\/h3>\n<p class=\"preFade fadeIn\">Le vin que nous vous proposons est le fruit de son terroir, le Roussillon, territoire fran\u00e7ais caract\u00e9ris\u00e9 par la qualit\u00e9 de son agriculture et accueillant la plus grande proportion de productions biologiques de France.<\/p>\n<p>A deux pas de la mer et deux envols de la montagne, notre vignoble du Roussillon est expos\u00e9 \u00e0 un climat exigeant: m\u00e9diterran\u00e9en par excellence, il est caract\u00e9ris\u00e9 par ses \u00e9t\u00e9s chauds, ses hivers doux et ses pluies intenses en automne et au printemps. Cette proximit\u00e9 littorale s\u2019accompagne de la pr\u00e9sence dominante du Canigou, montagne majestueuse du Roussillon. Un jour sur deux, notre vignoble est balay\u00e9 par la tramontane, vent fort et sec venant des Pyr\u00e9n\u00e9es. C\u2019est un v\u00e9ritable alli\u00e9 de notre veille sanitaire par son pouvoir ass\u00e9chant. De temps en temps, la marinade s\u2019intercale entre deux tramontanes et transmet \u00e0 nos vignes les embruns m\u00e9diterran\u00e9ens et leurs apports salins.<\/p>\n\n\t\t<\/div>\n\t<\/div>\n\r\n                            <\/div>\r\n                        <\/div>\r\n    \r\n                <\/div>\r\n        \r\n                <div class=\"container-fluid p-0 customImage\">\r\n                    <div class=\"row d-flex align-items-center\">\r\n                            <div class=\"offset-lg-1 col-lg-6 p-0 order-lg-1\">\r\n                                <div class=\"image-holder height-80\" data-background=\"https:\/\/www.domainearquiris.com\/wp-content\/uploads\/2022\/06\/20210917_0131.jpg\" >\r\n                                \r\n                                <\/div>\r\n                            <\/div>\r\n                        <div class=\"col-lg-4 offset-lg-1 order-lg-0 p-6 p-lg-0\" >\r\n                            \n\t<div class=\"wpb_text_column wpb_content_element\" >\n\t\t<div class=\"wpb_wrapper\">\n\t\t\t<h3><\/h3>\n<h3><\/h3>\n<p>&nbsp;<\/p>\n<h3 class=\"preScale scaleIn\">Un terroir et des sols<\/h3>\n<p class=\"preFade fadeIn\">G\u00e9ologiquement, le Roussillon est une zone tourment\u00e9e qui a subi de profonds bouleversements au tertiaire et au quaternaire, dont r\u00e9sulte le soul\u00e8vement des Pyr\u00e9n\u00e9es. Ces transformations ont cr\u00e9\u00e9 une multitude de terroirs aux caract\u00e8res bien distincts.<\/p>\n<p>Sur les 5 hectares du domaine Arquiris, nous travaillons donc avec des sols diff\u00e9rents avec lesquels nous devons adapter nos pratiques agricoles :<\/p>\n<p class=\"preFade fadeIn\">Sur nos terres de type fluviosol, sols issus d\u2019alluvions, constitu\u00e9s de limons et de sables, nous veillons \u00e0 apporter r\u00e9guli\u00e8rement du compost \u00e9labor\u00e9 \u00e0 partir de fumier provenant d\u2019une exploitation voisine que nous compostons durant plusieurs mois pour pallier la faible r\u00e9tention de ce sol.  Ce sol siliceux nous permet d'\u00e9laborer des vins plut\u00f4t fins et l\u00e9gers.<\/p>\n<p class=\"preFade fadeIn\">Sur nos terres plus salines, les salisols, riches en sels solubles, il nous faut \u00e9viter la s\u00e9cheresse du sol et de la v\u00e9g\u00e9tation. Nous veillons alors \u00e0 maintenir la r\u00e9tention de l'eau du sol et le taux d'humus en accroissant le taux de mycorhization des racines. Ce sol nous offre la possibilit\u00e9 de travailler un vin go\u00fbteux et clair.<\/p>\n<p class=\"preFade fadeIn\">Sur nos \u201cterres rouges\u201d, les fersialsols, dot\u00e9s de cristaux de fer et plus argileux, il nous faut jongler entre les pluies pour travailler les pieds des vignes sans d\u00e9structurer le sol qui se durcit tr\u00e8s vite. Cependant, il offre une bonne capacit\u00e9 d\u2019\u00e9change et de r\u00e9tention pour l\u2019eau et les \u00e9l\u00e9ments nutritifs. Ce sol argileux nous conduit \u00e0 produire sur ces terres des vins volumineux et corpulents.<\/p>\n<p class=\"preFade fadeIn\">A partir de nos divers sols, nous construisons chaque jour des sols vivants en veillant \u00e0 en faire de v\u00e9ritables r\u00e9servoirs de biodiversit\u00e9 microbienne, animale et v\u00e9g\u00e9tale. Par nos pratiques, nous tentons de d\u00e9velopper et de r\u00e9g\u00e9n\u00e9rer l\u2019activit\u00e9 des champignons et mycorhizes, v\u00e9ritables alli\u00e9s de chacun de nos ceps. Pour cela il nous faut composer avec le temps et avec la patience pour que chacun trouve sa place et puisse travailler harmonieusement.<\/p>\n<p>Par cette veille, nous sommes alli\u00e9s des engagements nationaux pour stopper la perte r\u00e9guli\u00e8re de carbone qui alt\u00e8re la durabilit\u00e9 de la production agricole et menace la s\u00e9curit\u00e9 alimentaire. Nous sommes particuli\u00e8rement sensibles aux engagements internationaux  de  s\u00e9questration du carbone dans le sol, de la COP 21.<\/p>\n\n\t\t<\/div>\n\t<\/div>\n<div class=\"vc_separator wpb_content_element vc_separator_align_center vc_sep_width_100 vc_sep_pos_align_center vc_separator_no_text vc_sep_color_grey\" ><span class=\"vc_sep_holder vc_sep_holder_l\"><span  class=\"vc_sep_line\"><\/span><\/span><span class=\"vc_sep_holder vc_sep_holder_r\"><span  class=\"vc_sep_line\"><\/span><\/span>\n<\/div><div class=\"vc_empty_space\"   style=\"height: 20px\"><span class=\"vc_empty_space_inner\"><\/span><\/div>\r\n                        <\/div>\r\n                    <\/div>\r\n                <\/div>\r\n        <div class=\"vc_row wpb_row vc_inner vc_row-fluid videos\"><div class=\"wpb_column vc_column_container vc_col-sm-4\"><div class=\"vc_column-inner\"><div class=\"wpb_wrapper\">\n\t<div class=\"wpb_text_column wpb_content_element\" >\n\t\t<div class=\"wpb_wrapper\">\n\t\t\t<h4 style=\"text-align: center;\">Pour comprendre pourquoi la s\u00e9questration du carbone dans le sol est fondamentale pour tous les \u00eatres vivants, regarde la vid\u00e9o !<\/h4>\n\n\t\t<\/div>\n\t<\/div>\n<\/div><\/div><\/div><div class=\"wpb_column vc_column_container vc_col-sm-4\"><div class=\"vc_column-inner\"><div class=\"wpb_wrapper\">\n\t<div  class=\"wpb_single_image wpb_content_element vc_align_center\">\n\t\t\n\t\t<figure class=\"wpb_wrapper vc_figure\">\n\t\t\t<div class=\"vc_single_image-wrapper   vc_box_border_grey\"><img loading=\"lazy\" decoding=\"async\" width=\"300\" height=\"119\" src=\"https:\/\/www.domainearquiris.com\/wp-content\/uploads\/2022\/06\/Fleche1-300x119.png\" class=\"vc_single_image-img attachment-medium\" alt=\"\" srcset=\"https:\/\/www.domainearquiris.com\/wp-content\/uploads\/2022\/06\/Fleche1-300x119.png 300w, https:\/\/www.domainearquiris.com\/wp-content\/uploads\/2022\/06\/Fleche1-150x59.png 150w, https:\/\/www.domainearquiris.com\/wp-content\/uploads\/2022\/06\/Fleche1-18x7.png 18w, https:\/\/www.domainearquiris.com\/wp-content\/uploads\/2022\/06\/Fleche1.png 401w\" sizes=\"auto, (max-width: 300px) 100vw, 300px\" \/><\/div>\n\t\t<\/figure>\n\t<\/div>\n<\/div><\/div><\/div><div class=\"wpb_column vc_column_container vc_col-sm-4\"><div class=\"vc_column-inner\"><div class=\"wpb_wrapper\">\n\t<div class=\"wpb_video_widget wpb_content_element vc_clearfix   vc_video-aspect-ratio-169 vc_video-el-width-100 vc_video-align-left\" >\n\t\t<div class=\"wpb_wrapper\">\n\t\t\t\n\t\t\t<div class=\"wpb_video_wrapper\"><iframe loading=\"lazy\" title=\"4 per 1000 | Soils for food security and climate\" width=\"1500\" height=\"844\" src=\"https:\/\/www.youtube.com\/embed\/AY9YVwJZDvw?feature=oembed\" frameborder=\"0\" allow=\"accelerometer; autoplay; clipboard-write; encrypted-media; gyroscope; picture-in-picture\" allowfullscreen><\/iframe><\/div>\n\t\t<\/div>\n\t<\/div>\n<\/div><\/div><\/div><\/div><\/div><\/div><\/div><\/div><div class=\"vc_row-full-width vc_clearfix\"><\/div>","protected":false},"excerpt":{"rendered":"The Estate A terroir and its climate The wine we offer is the fruit of its terroir, the Roussillon, a French region characterized by the quality of its agriculture and hosting the largest proportion of organic production in France. Just a stone's throw away from the sea and at the foot of the mountains, our [...]","protected":false},"author":1,"featured_media":0,"parent":0,"menu_order":0,"comment_status":"closed","ping_status":"closed","template":"","meta":{"_mi_skip_tracking":false,"_monsterinsights_sitenote_active":false,"_monsterinsights_sitenote_note":"","_monsterinsights_sitenote_category":0,"_vp_format_video_url":"","_vp_image_focal_point":[],"footnotes":""},"class_list":["post-1788","page","type-page","status-publish","hentry"],"aioseo_notices":[],"yoast_head":"<!-- This site is optimized with the Yoast SEO plugin v21.4 - https:\/\/yoast.com\/wordpress\/plugins\/seo\/ -->\n<title>The Estate - Domaine Arquiris<\/title>\n<meta name=\"robots\" content=\"index, follow, max-snippet:-1, max-image-preview:large, max-video-preview:-1\" \/>\n<link rel=\"canonical\" href=\"https:\/\/www.domainearquiris.com\/fr\/the-estate\/\" \/>\n<meta property=\"og:locale\" content=\"fr_FR\" \/>\n<meta property=\"og:type\" content=\"article\" \/>\n<meta property=\"og:title\" content=\"The Estate - Domaine Arquiris\" \/>\n<meta property=\"og:url\" content=\"https:\/\/www.domainearquiris.com\/fr\/the-estate\/\" \/>\n<meta property=\"og:site_name\" content=\"Domaine Arquiris\" \/>\n<meta property=\"article:modified_time\" content=\"2022-08-13T18:24:49+00:00\" \/>\n<meta name=\"twitter:card\" content=\"summary_large_image\" \/>\n<meta name=\"twitter:label1\" content=\"Dur\u00e9e de lecture estim\u00e9e\" \/>\n\t<meta name=\"twitter:data1\" content=\"3 minutes\" \/>\n<script type=\"application\/ld+json\" class=\"yoast-schema-graph\">{\"@context\":\"https:\/\/schema.org\",\"@graph\":[{\"@type\":\"WebPage\",\"@id\":\"https:\/\/www.domainearquiris.com\/fr\/the-estate\/\",\"url\":\"https:\/\/www.domainearquiris.com\/fr\/the-estate\/\",\"name\":\"The Estate - Domaine Arquiris\",\"isPartOf\":{\"@id\":\"https:\/\/www.domainearquiris.com\/#website\"},\"datePublished\":\"2018-05-10T06:59:45+00:00\",\"dateModified\":\"2022-08-13T18:24:49+00:00\",\"breadcrumb\":{\"@id\":\"https:\/\/www.domainearquiris.com\/fr\/the-estate\/#breadcrumb\"},\"inLanguage\":\"fr-FR\",\"potentialAction\":[{\"@type\":\"ReadAction\",\"target\":[\"https:\/\/www.domainearquiris.com\/fr\/the-estate\/\"]}]},{\"@type\":\"BreadcrumbList\",\"@id\":\"https:\/\/www.domainearquiris.com\/fr\/the-estate\/#breadcrumb\",\"itemListElement\":[{\"@type\":\"ListItem\",\"position\":1,\"name\":\"Home\",\"item\":\"https:\/\/www.domainearquiris.com\/\"},{\"@type\":\"ListItem\",\"position\":2,\"name\":\"The Estate\"}]},{\"@type\":\"WebSite\",\"@id\":\"https:\/\/www.domainearquiris.com\/#website\",\"url\":\"https:\/\/www.domainearquiris.com\/\",\"name\":\"Domaine Arquiris\",\"description\":\"Winary\",\"potentialAction\":[{\"@type\":\"SearchAction\",\"target\":{\"@type\":\"EntryPoint\",\"urlTemplate\":\"https:\/\/www.domainearquiris.com\/?s={search_term_string}\"},\"query-input\":\"required name=search_term_string\"}],\"inLanguage\":\"fr-FR\"}]}<\/script>\n<!-- \/ Yoast SEO plugin. -->","yoast_head_json":{"title":"The Estate - Domaine Arquiris","robots":{"index":"index","follow":"follow","max-snippet":"max-snippet:-1","max-image-preview":"max-image-preview:large","max-video-preview":"max-video-preview:-1"},"canonical":"https:\/\/www.domainearquiris.com\/fr\/the-estate\/","og_locale":"fr_FR","og_type":"article","og_title":"The Estate - Domaine Arquiris","og_url":"https:\/\/www.domainearquiris.com\/fr\/the-estate\/","og_site_name":"Domaine Arquiris","article_modified_time":"2022-08-13T18:24:49+00:00","twitter_card":"summary_large_image","twitter_misc":{"Dur\u00e9e de lecture estim\u00e9e":"3 minutes"},"schema":{"@context":"https:\/\/schema.org","@graph":[{"@type":"WebPage","@id":"https:\/\/www.domainearquiris.com\/fr\/the-estate\/","url":"https:\/\/www.domainearquiris.com\/fr\/the-estate\/","name":"The Estate - Domaine Arquiris","isPartOf":{"@id":"https:\/\/www.domainearquiris.com\/#website"},"datePublished":"2018-05-10T06:59:45+00:00","dateModified":"2022-08-13T18:24:49+00:00","breadcrumb":{"@id":"https:\/\/www.domainearquiris.com\/fr\/the-estate\/#breadcrumb"},"inLanguage":"fr-FR","potentialAction":[{"@type":"ReadAction","target":["https:\/\/www.domainearquiris.com\/fr\/the-estate\/"]}]},{"@type":"BreadcrumbList","@id":"https:\/\/www.domainearquiris.com\/fr\/the-estate\/#breadcrumb","itemListElement":[{"@type":"ListItem","position":1,"name":"Home","item":"https:\/\/www.domainearquiris.com\/"},{"@type":"ListItem","position":2,"name":"The Estate"}]},{"@type":"WebSite","@id":"https:\/\/www.domainearquiris.com\/#website","url":"https:\/\/www.domainearquiris.com\/","name":"Domaine Arquiris","description":"Winary","potentialAction":[{"@type":"SearchAction","target":{"@type":"EntryPoint","urlTemplate":"https:\/\/www.domainearquiris.com\/?s={search_term_string}"},"query-input":"required name=search_term_string"}],"inLanguage":"fr-FR"}]}},"_links":{"self":[{"href":"https:\/\/www.domainearquiris.com\/fr\/wp-json\/wp\/v2\/pages\/1788","targetHints":{"allow":["GET"]}}],"collection":[{"href":"https:\/\/www.domainearquiris.com\/fr\/wp-json\/wp\/v2\/pages"}],"about":[{"href":"https:\/\/www.domainearquiris.com\/fr\/wp-json\/wp\/v2\/types\/page"}],"author":[{"embeddable":true,"href":"https:\/\/www.domainearquiris.com\/fr\/wp-json\/wp\/v2\/users\/1"}],"replies":[{"embeddable":true,"href":"https:\/\/www.domainearquiris.com\/fr\/wp-json\/wp\/v2\/comments?post=1788"}],"version-history":[{"count":98,"href":"https:\/\/www.domainearquiris.com\/fr\/wp-json\/wp\/v2\/pages\/1788\/revisions"}],"predecessor-version":[{"id":4060,"href":"https:\/\/www.domainearquiris.com\/fr\/wp-json\/wp\/v2\/pages\/1788\/revisions\/4060"}],"wp:attachment":[{"href":"https:\/\/www.domainearquiris.com\/fr\/wp-json\/wp\/v2\/media?parent=1788"}],"curies":[{"name":"wp","href":"https:\/\/api.w.org\/{rel}","templated":true}]}}