{"id":14,"date":"2022-03-16T22:41:04","date_gmt":"2022-03-16T22:41:04","guid":{"rendered":"https:\/\/www.domainearquiris.com\/shop\/"},"modified":"2022-12-25T13:26:17","modified_gmt":"2022-12-25T13:26:17","slug":"shop","status":"publish","type":"page","link":"https:\/\/www.domainearquiris.com\/fr\/shop\/","title":{"rendered":"Nos Cuv\u00e9es"},"content":{"rendered":"<h4 class=\"alignwide has-text-align-center wp-block-heading\">Notre boutique en ligne n'est pas ouverte. Si vous souhaitez faire une commande, n'h\u00e9sitez pas \u00e0 nous \u00e9crire par mail ou par message et nous nous occuperons de votre commande rapidement !<\/h4>\n\n\n\n<p>      <\/p>\n\n\n\n<p><\/p>\n\n\n\n<p><\/p>","protected":false},"excerpt":{"rendered":"<p>Notre boutique en ligne n'est pas ouverte. Si vous souhaitez faire une commande, n'h\u00e9sitez pas \u00e0 nous \u00e9crire par mail ou par message et nous nous occuperons de votre commande rapidement !<\/p>","protected":false},"author":1,"featured_media":3604,"parent":0,"menu_order":0,"comment_status":"closed","ping_status":"closed","template":"","meta":{"_mi_skip_tracking":false,"_monsterinsights_sitenote_active":false,"_monsterinsights_sitenote_note":"","_monsterinsights_sitenote_category":0,"_vp_format_video_url":"","_vp_image_focal_point":{"x":0.47,"y":0.19},"footnotes":""},"class_list":["post-14","page","type-page","status-publish","has-post-thumbnail","hentry"],"aioseo_notices":[],"yoast_head":"<!-- This site is optimized with the Yoast SEO plugin v21.4 - https:\/\/yoast.com\/wordpress\/plugins\/seo\/ -->\n<title>Our Cuv\u00e9es - Domaine Arquiris<\/title>\n<meta name=\"robots\" content=\"index, follow, max-snippet:-1, max-image-preview:large, max-video-preview:-1\" \/>\n<link rel=\"canonical\" href=\"https:\/\/www.domainearquiris.com\/fr\/shop\/\" \/>\n<meta property=\"og:locale\" content=\"fr_FR\" \/>\n<meta property=\"og:type\" content=\"article\" \/>\n<meta property=\"og:title\" content=\"Our Cuv\u00e9es - Domaine Arquiris\" \/>\n<meta property=\"og:description\" content=\"The shop is not open. If you want to buy some bottles just send us an email or a text message and we will take your order very quickly!\" \/>\n<meta property=\"og:url\" content=\"https:\/\/www.domainearquiris.com\/fr\/shop\/\" \/>\n<meta property=\"og:site_name\" content=\"Domaine Arquiris\" \/>\n<meta property=\"article:modified_time\" content=\"2022-12-25T13:26:17+00:00\" \/>\n<meta property=\"og:image\" content=\"https:\/\/www.domainearquiris.com\/wp-content\/uploads\/2022\/06\/Cuvees2021.jpg\" \/>\n\t<meta property=\"og:image:width\" content=\"2200\" \/>\n\t<meta property=\"og:image:height\" content=\"1465\" \/>\n\t<meta property=\"og:image:type\" content=\"image\/jpeg\" \/>\n<meta name=\"twitter:card\" content=\"summary_large_image\" \/>\n<script type=\"application\/ld+json\" class=\"yoast-schema-graph\">{\"@context\":\"https:\/\/schema.org\",\"@graph\":[{\"@type\":\"WebPage\",\"@id\":\"https:\/\/www.domainearquiris.com\/en\/shop\/\",\"url\":\"https:\/\/www.domainearquiris.com\/en\/shop\/\",\"name\":\"Our Cuv\u00e9es - Domaine Arquiris\",\"isPartOf\":{\"@id\":\"https:\/\/www.domainearquiris.com\/#website\"},\"datePublished\":\"2022-03-16T22:41:04+00:00\",\"dateModified\":\"2022-12-25T13:26:17+00:00\",\"breadcrumb\":{\"@id\":\"https:\/\/www.domainearquiris.com\/en\/shop\/#breadcrumb\"},\"inLanguage\":\"fr-FR\",\"potentialAction\":[{\"@type\":\"ReadAction\",\"target\":[\"https:\/\/www.domainearquiris.com\/en\/shop\/\"]}]},{\"@type\":\"BreadcrumbList\",\"@id\":\"https:\/\/www.domainearquiris.com\/en\/shop\/#breadcrumb\",\"itemListElement\":[{\"@type\":\"ListItem\",\"position\":1,\"name\":\"Home\",\"item\":\"https:\/\/www.domainearquiris.com\/\"},{\"@type\":\"ListItem\",\"position\":2,\"name\":\"Our Cuv\u00e9es\"}]},{\"@type\":\"WebSite\",\"@id\":\"https:\/\/www.domainearquiris.com\/#website\",\"url\":\"https:\/\/www.domainearquiris.com\/\",\"name\":\"Domaine Arquiris\",\"description\":\"Winary\",\"potentialAction\":[{\"@type\":\"SearchAction\",\"target\":{\"@type\":\"EntryPoint\",\"urlTemplate\":\"https:\/\/www.domainearquiris.com\/?s={search_term_string}\"},\"query-input\":\"required name=search_term_string\"}],\"inLanguage\":\"fr-FR\"}]}<\/script>\n<!-- \/ Yoast SEO plugin. -->","yoast_head_json":{"title":"Our Cuv\u00e9es - Domaine Arquiris","robots":{"index":"index","follow":"follow","max-snippet":"max-snippet:-1","max-image-preview":"max-image-preview:large","max-video-preview":"max-video-preview:-1"},"canonical":"https:\/\/www.domainearquiris.com\/fr\/shop\/","og_locale":"fr_FR","og_type":"article","og_title":"Our Cuv\u00e9es - Domaine Arquiris","og_description":"The shop is not open. If you want to buy some bottles just send us an email or a text message and we will take your order very quickly!","og_url":"https:\/\/www.domainearquiris.com\/fr\/shop\/","og_site_name":"Domaine Arquiris","article_modified_time":"2022-12-25T13:26:17+00:00","og_image":[{"width":2200,"height":1465,"url":"https:\/\/www.domainearquiris.com\/wp-content\/uploads\/2022\/06\/Cuvees2021.jpg","type":"image\/jpeg"}],"twitter_card":"summary_large_image","schema":{"@context":"https:\/\/schema.org","@graph":[{"@type":"WebPage","@id":"https:\/\/www.domainearquiris.com\/en\/shop\/","url":"https:\/\/www.domainearquiris.com\/en\/shop\/","name":"Our Cuv\u00e9es - Domaine Arquiris","isPartOf":{"@id":"https:\/\/www.domainearquiris.com\/#website"},"datePublished":"2022-03-16T22:41:04+00:00","dateModified":"2022-12-25T13:26:17+00:00","breadcrumb":{"@id":"https:\/\/www.domainearquiris.com\/en\/shop\/#breadcrumb"},"inLanguage":"fr-FR","potentialAction":[{"@type":"ReadAction","target":["https:\/\/www.domainearquiris.com\/en\/shop\/"]}]},{"@type":"BreadcrumbList","@id":"https:\/\/www.domainearquiris.com\/en\/shop\/#breadcrumb","itemListElement":[{"@type":"ListItem","position":1,"name":"Home","item":"https:\/\/www.domainearquiris.com\/"},{"@type":"ListItem","position":2,"name":"Our Cuv\u00e9es"}]},{"@type":"WebSite","@id":"https:\/\/www.domainearquiris.com\/#website","url":"https:\/\/www.domainearquiris.com\/","name":"Domaine Arquiris","description":"Winary","potentialAction":[{"@type":"SearchAction","target":{"@type":"EntryPoint","urlTemplate":"https:\/\/www.domainearquiris.com\/?s={search_term_string}"},"query-input":"required name=search_term_string"}],"inLanguage":"fr-FR"}]}},"_links":{"self":[{"href":"https:\/\/www.domainearquiris.com\/fr\/wp-json\/wp\/v2\/pages\/14","targetHints":{"allow":["GET"]}}],"collection":[{"href":"https:\/\/www.domainearquiris.com\/fr\/wp-json\/wp\/v2\/pages"}],"about":[{"href":"https:\/\/www.domainearquiris.com\/fr\/wp-json\/wp\/v2\/types\/page"}],"author":[{"embeddable":true,"href":"https:\/\/www.domainearquiris.com\/fr\/wp-json\/wp\/v2\/users\/1"}],"replies":[{"embeddable":true,"href":"https:\/\/www.domainearquiris.com\/fr\/wp-json\/wp\/v2\/comments?post=14"}],"version-history":[{"count":15,"href":"https:\/\/www.domainearquiris.com\/fr\/wp-json\/wp\/v2\/pages\/14\/revisions"}],"predecessor-version":[{"id":4081,"href":"https:\/\/www.domainearquiris.com\/fr\/wp-json\/wp\/v2\/pages\/14\/revisions\/4081"}],"wp:featuredmedia":[{"embeddable":true,"href":"https:\/\/www.domainearquiris.com\/fr\/wp-json\/wp\/v2\/media\/3604"}],"wp:attachment":[{"href":"https:\/\/www.domainearquiris.com\/fr\/wp-json\/wp\/v2\/media?parent=14"}],"curies":[{"name":"wp","href":"https:\/\/api.w.org\/{rel}","templated":true}]}}