{"id":3330,"date":"2022-03-31T01:15:54","date_gmt":"2022-03-31T01:15:54","guid":{"rendered":"https:\/\/www.domainearquiris.com\/?post_type=product&#038;p=3330"},"modified":"2022-12-25T13:36:26","modified_gmt":"2022-12-25T13:36:26","slug":"cuvee-parce-que","status":"publish","type":"product","link":"https:\/\/www.domainearquiris.com\/en\/product\/cuvee-parce-que\/","title":{"rendered":"Cuv\u00e9e Parce que&#8230;"},"content":{"rendered":"<p class=\"preFade fadeIn\"><strong>Appellation : <\/strong>IGP C\u00f4tes Catalanes<\/p>\n<p class=\"preFade fadeIn\"><strong>Certifications: <\/strong>organic wine certified by <em>Ecocert FR-BIO-01<\/em>; wine made from <em>Demeter <\/em>certified grapes<\/p>\n<p class=\"preFade fadeIn\"><strong>Grape varieties: <\/strong>50% Syrah, 25% Vieux Grenache, 25% Vieux Carignan<\/p>\n<p class=\"preFade fadeIn\"><strong>Alcohol content: <\/strong>12.5 % vol.<\/p>\n<p class=\"preFade fadeIn\"><strong>Characteristics of the wine: <\/strong>Its colour is a pale peony-like ros\u00e9. The nose reveals notes of &#8220;fresh raspberries&#8221; and amylic notes such as &#8220;English candy&#8221;. The attack is lively, and the palate is elegant and refreshing. The finish is fresh.<\/p>\n","protected":false},"excerpt":{"rendered":"<div class=\"ProductItem-details-excerpt\" data-content-field=\"excerpt\">\n<p class=\"sqsrte-large preFade fadeIn\">Because we have to do more every day in terms of climate, this ros\u00e9 corresponds to the demands of an agriculture organised by the rhythms of nature and respect for its balance&#8230;<\/p>\n<h4 class=\"preFade fadeIn\">Ros\u00e9 C\u00f4tes Catalanes\u00a0<em>Wine made from Demeter certified grapes<\/em><\/h4>\n<\/div>\n","protected":false},"featured_media":3621,"template":"","meta":{"_mi_skip_tracking":false,"_monsterinsights_sitenote_active":false,"_monsterinsights_sitenote_note":"","_monsterinsights_sitenote_category":0,"_vp_format_video_url":"","_vp_image_focal_point":[]},"product_cat":[15],"product_tag":[],"class_list":["post-3330","product","type-product","status-publish","has-post-thumbnail","hentry","product_cat-uncategorized"],"aioseo_notices":[],"yoast_head":"<!-- This site is optimized with the Yoast SEO plugin v21.4 - https:\/\/yoast.com\/wordpress\/plugins\/seo\/ -->\n<title>Cuv\u00e9e Parce que... - Domaine Arquiris<\/title>\n<meta name=\"robots\" content=\"index, follow, max-snippet:-1, max-image-preview:large, max-video-preview:-1\" \/>\n<link rel=\"canonical\" href=\"https:\/\/www.domainearquiris.com\/en\/produit\/cuvee-parce-que\/\" \/>\n<meta property=\"og:locale\" content=\"en_US\" \/>\n<meta property=\"og:type\" content=\"article\" \/>\n<meta property=\"og:title\" content=\"Cuv\u00e9e Parce que... - Domaine Arquiris\" \/>\n<meta property=\"og:description\" content=\"Because we have to do more every day in terms of climate, this ros\u00e9 corresponds to the demands of an agriculture organised by the rhythms of nature and respect for its balance...  Ros\u00e9 C\u00f4tes Catalanes\u00a0Wine made from Demeter certified grapes\" \/>\n<meta property=\"og:url\" content=\"https:\/\/www.domainearquiris.com\/en\/produit\/cuvee-parce-que\/\" \/>\n<meta property=\"og:site_name\" content=\"Domaine Arquiris\" \/>\n<meta property=\"article:modified_time\" content=\"2022-12-25T13:36:26+00:00\" \/>\n<meta property=\"og:image\" content=\"https:\/\/www.domainearquiris.com\/wp-content\/uploads\/2022\/06\/IMG_2790_01-scaled.jpg\" \/>\n\t<meta property=\"og:image:width\" content=\"1129\" \/>\n\t<meta property=\"og:image:height\" content=\"2560\" \/>\n\t<meta property=\"og:image:type\" content=\"image\/jpeg\" \/>\n<meta name=\"twitter:card\" content=\"summary_large_image\" \/>\n<script type=\"application\/ld+json\" class=\"yoast-schema-graph\">{\"@context\":\"https:\/\/schema.org\",\"@graph\":[{\"@type\":\"WebPage\",\"@id\":\"https:\/\/www.domainearquiris.com\/fr\/produit\/cuvee-parce-que\/\",\"url\":\"https:\/\/www.domainearquiris.com\/fr\/produit\/cuvee-parce-que\/\",\"name\":\"Cuv\u00e9e Parce que... - Domaine Arquiris\",\"isPartOf\":{\"@id\":\"https:\/\/www.domainearquiris.com\/#website\"},\"datePublished\":\"2022-03-31T01:15:54+00:00\",\"dateModified\":\"2022-12-25T13:36:26+00:00\",\"breadcrumb\":{\"@id\":\"https:\/\/www.domainearquiris.com\/fr\/produit\/cuvee-parce-que\/#breadcrumb\"},\"inLanguage\":\"en-US\",\"potentialAction\":[{\"@type\":\"ReadAction\",\"target\":[\"https:\/\/www.domainearquiris.com\/fr\/produit\/cuvee-parce-que\/\"]}]},{\"@type\":\"BreadcrumbList\",\"@id\":\"https:\/\/www.domainearquiris.com\/fr\/produit\/cuvee-parce-que\/#breadcrumb\",\"itemListElement\":[{\"@type\":\"ListItem\",\"position\":1,\"name\":\"Home\",\"item\":\"https:\/\/www.domainearquiris.com\/\"},{\"@type\":\"ListItem\",\"position\":2,\"name\":\"Cuv\u00e9e Parce que&#8230;\"}]},{\"@type\":\"WebSite\",\"@id\":\"https:\/\/www.domainearquiris.com\/#website\",\"url\":\"https:\/\/www.domainearquiris.com\/\",\"name\":\"Domaine Arquiris\",\"description\":\"Winary\",\"potentialAction\":[{\"@type\":\"SearchAction\",\"target\":{\"@type\":\"EntryPoint\",\"urlTemplate\":\"https:\/\/www.domainearquiris.com\/?s={search_term_string}\"},\"query-input\":\"required name=search_term_string\"}],\"inLanguage\":\"en-US\"}]}<\/script>\n<!-- \/ Yoast SEO plugin. -->","yoast_head_json":{"title":"Cuv\u00e9e Parce que... - Domaine Arquiris","robots":{"index":"index","follow":"follow","max-snippet":"max-snippet:-1","max-image-preview":"max-image-preview:large","max-video-preview":"max-video-preview:-1"},"canonical":"https:\/\/www.domainearquiris.com\/en\/produit\/cuvee-parce-que\/","og_locale":"en_US","og_type":"article","og_title":"Cuv\u00e9e Parce que... - Domaine Arquiris","og_description":"Because we have to do more every day in terms of climate, this ros\u00e9 corresponds to the demands of an agriculture organised by the rhythms of nature and respect for its balance...  Ros\u00e9 C\u00f4tes Catalanes\u00a0Wine made from Demeter certified grapes","og_url":"https:\/\/www.domainearquiris.com\/en\/produit\/cuvee-parce-que\/","og_site_name":"Domaine Arquiris","article_modified_time":"2022-12-25T13:36:26+00:00","og_image":[{"width":1129,"height":2560,"url":"https:\/\/www.domainearquiris.com\/wp-content\/uploads\/2022\/06\/IMG_2790_01-scaled.jpg","type":"image\/jpeg"}],"twitter_card":"summary_large_image","schema":{"@context":"https:\/\/schema.org","@graph":[{"@type":"WebPage","@id":"https:\/\/www.domainearquiris.com\/fr\/produit\/cuvee-parce-que\/","url":"https:\/\/www.domainearquiris.com\/fr\/produit\/cuvee-parce-que\/","name":"Cuv\u00e9e Parce que... - Domaine Arquiris","isPartOf":{"@id":"https:\/\/www.domainearquiris.com\/#website"},"datePublished":"2022-03-31T01:15:54+00:00","dateModified":"2022-12-25T13:36:26+00:00","breadcrumb":{"@id":"https:\/\/www.domainearquiris.com\/fr\/produit\/cuvee-parce-que\/#breadcrumb"},"inLanguage":"en-US","potentialAction":[{"@type":"ReadAction","target":["https:\/\/www.domainearquiris.com\/fr\/produit\/cuvee-parce-que\/"]}]},{"@type":"BreadcrumbList","@id":"https:\/\/www.domainearquiris.com\/fr\/produit\/cuvee-parce-que\/#breadcrumb","itemListElement":[{"@type":"ListItem","position":1,"name":"Home","item":"https:\/\/www.domainearquiris.com\/"},{"@type":"ListItem","position":2,"name":"Cuv\u00e9e Parce que&#8230;"}]},{"@type":"WebSite","@id":"https:\/\/www.domainearquiris.com\/#website","url":"https:\/\/www.domainearquiris.com\/","name":"Domaine Arquiris","description":"Winary","potentialAction":[{"@type":"SearchAction","target":{"@type":"EntryPoint","urlTemplate":"https:\/\/www.domainearquiris.com\/?s={search_term_string}"},"query-input":"required name=search_term_string"}],"inLanguage":"en-US"}]}},"_links":{"self":[{"href":"https:\/\/www.domainearquiris.com\/en\/wp-json\/wp\/v2\/product\/3330","targetHints":{"allow":["GET"]}}],"collection":[{"href":"https:\/\/www.domainearquiris.com\/en\/wp-json\/wp\/v2\/product"}],"about":[{"href":"https:\/\/www.domainearquiris.com\/en\/wp-json\/wp\/v2\/types\/product"}],"wp:featuredmedia":[{"embeddable":true,"href":"https:\/\/www.domainearquiris.com\/en\/wp-json\/wp\/v2\/media\/3621"}],"wp:attachment":[{"href":"https:\/\/www.domainearquiris.com\/en\/wp-json\/wp\/v2\/media?parent=3330"}],"wp:term":[{"taxonomy":"product_cat","embeddable":true,"href":"https:\/\/www.domainearquiris.com\/en\/wp-json\/wp\/v2\/product_cat?post=3330"},{"taxonomy":"product_tag","embeddable":true,"href":"https:\/\/www.domainearquiris.com\/en\/wp-json\/wp\/v2\/product_tag?post=3330"}],"curies":[{"name":"wp","href":"https:\/\/api.w.org\/{rel}","templated":true}]}}