{"id":3415,"date":"2022-05-17T12:14:44","date_gmt":"2022-05-17T12:14:44","guid":{"rendered":"https:\/\/www.domainearquiris.com\/?page_id=3415"},"modified":"2022-07-19T13:58:02","modified_gmt":"2022-07-19T13:58:02","slug":"biodynamics","status":"publish","type":"page","link":"https:\/\/www.domainearquiris.com\/de\/biodynamics\/","title":{"rendered":"Biodynamik"},"content":{"rendered":"<div class=\"vc_row wpb_row vc_row-fluid vc_custom_1658236362965 vc_row-has-fill vc_row-o-content-middle vc_row-flex color--white height-70\"><div class=\"wpb_column vc_column_container vc_col-sm-12\"><div class=\"vc_column-inner\"><div class=\"wpb_wrapper\">\n\t<div class=\"wpb_text_column wpb_content_element\" >\n\t\t<div class=\"wpb_wrapper\">\n\t\t\t<h1 style=\"text-align: center;\">Biodynamik<\/h1>\n\n\t\t<\/div>\n\t<\/div>\n<\/div><\/div><\/div><\/div><div class=\"nk-awb  nk-awb-after-vc_row\" ><div class=\"nk-awb-wrap\" data-awb-type=\"image\" data-awb-stretch=\"true\" data-awb-image-background-size=\"cover\" data-awb-image-background-position=\"50% 50%\"><div class=\"nk-awb-overlay\" style=\"background-color: rgba(0,0,0,0.35);\"><\/div><div  class=\"nk-awb-inner\"><img loading=\"lazy\" decoding=\"async\" width=\"2200\" height=\"1465\" src=\"https:\/\/www.domainearquiris.com\/wp-content\/uploads\/2022\/06\/DSC_0289-1.jpg\" class=\"jarallax-img\" alt=\"\" style=\"object-position: 50% 50%;\" srcset=\"https:\/\/www.domainearquiris.com\/wp-content\/uploads\/2022\/06\/DSC_0289-1.jpg 2200w, https:\/\/www.domainearquiris.com\/wp-content\/uploads\/2022\/06\/DSC_0289-1-600x400.jpg 600w, https:\/\/www.domainearquiris.com\/wp-content\/uploads\/2022\/06\/DSC_0289-1-300x200.jpg 300w, https:\/\/www.domainearquiris.com\/wp-content\/uploads\/2022\/06\/DSC_0289-1-1024x682.jpg 1024w, https:\/\/www.domainearquiris.com\/wp-content\/uploads\/2022\/06\/DSC_0289-1-150x100.jpg 150w, https:\/\/www.domainearquiris.com\/wp-content\/uploads\/2022\/06\/DSC_0289-1-768x511.jpg 768w, https:\/\/www.domainearquiris.com\/wp-content\/uploads\/2022\/06\/DSC_0289-1-1536x1023.jpg 1536w, https:\/\/www.domainearquiris.com\/wp-content\/uploads\/2022\/06\/DSC_0289-1-2048x1364.jpg 2048w, https:\/\/www.domainearquiris.com\/wp-content\/uploads\/2022\/06\/DSC_0289-1-18x12.jpg 18w, https:\/\/www.domainearquiris.com\/wp-content\/uploads\/2022\/06\/DSC_0289-1-500x333.jpg 500w, https:\/\/www.domainearquiris.com\/wp-content\/uploads\/2022\/06\/DSC_0289-1-800x533.jpg 800w, https:\/\/www.domainearquiris.com\/wp-content\/uploads\/2022\/06\/DSC_0289-1-1280x852.jpg 1280w, https:\/\/www.domainearquiris.com\/wp-content\/uploads\/2022\/06\/DSC_0289-1-1920x1279.jpg 1920w\" sizes=\"auto, (max-width: 2200px) 100vw, 2200px\" \/><\/div><\/div><\/div><div data-vc-full-width=\"true\" data-vc-full-width-init=\"false\" data-vc-stretch-content=\"true\" class=\"vc_row wpb_row vc_row-fluid\"><div class=\"wpb_column vc_column_container vc_col-sm-12\"><div class=\"vc_column-inner\"><div class=\"wpb_wrapper\">\r\n                <div class=\"container-fluid p-0\">\r\n                        <div class=\"row d-flex align-items-center\">\r\n                            <div class=\"col-lg-6 p-0\">\r\n                                <div class=\"image-holder height-70\" data-background=\"https:\/\/www.domainearquiris.com\/wp-content\/uploads\/2022\/06\/DSC_0103.jpg\" >\r\n                                    \r\n                                <\/div>\r\n                            <\/div>\r\n                            <div class=\"col-lg-4 offset-lg-1 p-6 p-lg-0\" >\r\n                                \n\t<div class=\"wpb_text_column wpb_content_element\" >\n\t\t<div class=\"wpb_wrapper\">\n\t\t\t<h2 class=\"preScale scaleIn\" style=\"text-align: center;\">Ein Terroir und eine biodynamische Praxis<\/h2>\n<p class=\"preFade fadeIn\">Nach mehreren Jahren biologischer Praxis in unseren Weing\u00e4rten und dem sparsamen Einsatz mechanischer Ger\u00e4tschaften, wurde uns bewusst, dass es effizienter ist, in stetiger Zusammenarbeit mit den verschiedenen Elementen unserer Umwelt zu arbeiten. Deshalb geht unsere Philosophie \u00fcber den blo\u00dfen Respekt vor der Natur hinaus, wobei sich unser Augenmerk sowohl auf die Erneuerung dieser, als auch auf das Zusammenwirken der Reben und deren unsichtbaren Komplizen legt: damit wurde eine Demeter-Praxis f\u00fcr unser Wirken unumg\u00e4nglich.<\/p>\n<p class=\"preFade fadeIn\">Basierend auf den Beobachtungen von Rudolf Steiner und den systematischen Forschungen von Maria Thun, verfolgt die Biodynamik das Ziel einer nachhaltigen und ausgewogenen Landwirtschaft, bei der der Boden sowohl wegen seines Reichtums an Mikroorganismen und Pflanzenassoziationen, als auch seiner Interaktion mit den Mondzyklen im Mittelpunkt steht.\u202f<\/p>\n<p class=\"preFade fadeIn\">Wir verstehen und als Handwerker*innen, stets bereit zuzuh\u00f6ren, stets darauf bedacht nachzufeilen, um so einer jeden Pflanze im richtigen Moment unter den klimatischen Bedingungen unserer Terroirs das Beste zur Verf\u00fcgung zu stellen. Unser Engagement im Demeter-Weinbau strukturiert unsere Praxis sowohl im Weinbau als auch in der Weinbereitung.<\/p>\n\n\t\t<\/div>\n\t<\/div>\n\r\n                            <\/div>\r\n                        <\/div>\r\n    \r\n                <\/div>\r\n        <div class=\"vc_row wpb_row vc_inner vc_row-fluid\"><div class=\"cvece wpb_column vc_column_container vc_col-sm-12 vc_col-has-fill\" id=\"cvece\"><div class=\"vc_column-inner vc_custom_1655897342841\"><div class=\"wpb_wrapper\">\n\t<div class=\"wpb_text_column wpb_content_element  vc_custom_1658011637591\" >\n\t\t<div class=\"wpb_wrapper\">\n\t\t\t<h3 style=\"text-align: center;\"><span style=\"color: #ffffff;\">\"Es geht nicht darum, die Natur zu zivilisieren, sondern darum, Teil eines Ganzen zu sein, das die Natur ist.\"<\/span><\/h3>\n\n\t\t<\/div>\n\t<\/div>\n<\/div><\/div><\/div><\/div>\r\n                <div class=\"container-fluid p-0\">\r\n                    <div class=\"row d-flex align-items-center\">\r\n                            <div class=\"offset-lg-1 col-lg-6 p-0 order-lg-1\">\r\n                                <div class=\"image-holder height-70\" data-background=\"https:\/\/www.domainearquiris.com\/wp-content\/uploads\/2022\/06\/DSC_0136.jpg\" >\r\n                                \r\n                                <\/div>\r\n                            <\/div>\r\n                        <div class=\"col-lg-4 offset-lg-1 order-lg-0 p-6 p-lg-0\" >\r\n                            \n\t<div class=\"wpb_text_column wpb_content_element\" >\n\t\t<div class=\"wpb_wrapper\">\n\t\t\t<h2 class=\"preScale scaleIn\" style=\"text-align: center;\">Der Weinbau<\/h2>\n<p class=\"preFade fadeIn\">Der Boden, um dessen st\u00e4ndige Belebung wir uns k\u00fcmmern, ist der erste Verb\u00fcndete jeder unserer Reben. Die Aufrechterhaltung und Entfaltung von Pilzen und Mykorrhizen ist daher unerl\u00e4sslich. Au\u00dferdem pfl\u00fcgen wir die Zwischenreihen nicht, um die Stabilit\u00e4t des Bodes zu erhalten. Deshalb haben wir auch keine Unkr\u00e4uter mehr, sondern \u201e\u00d6koindikatoren\u201c, die uns einen Hinweis auf die Bed\u00fcrfnisse unseres Bodens liefern. Dar\u00fcber hinaus sichern diese \u201eUnkr\u00e4uter\u201c mit ihrem Wurzelgeflecht eine gute Sauerstoffversorgung und erm\u00f6glichen eine Regulierung der Bodenfeuchtigkeit.<\/p>\n<p class=\"preFade fadeIn\">Wir reichern die B\u00f6den und Reben durch Pr\u00e4parate auf Basis von Dung und Kiesels\u00e4ure an, welche durch Fermentation die Vermehrung der Rhizosph\u00e4re f\u00f6rdern (500, 500 P, 500 Maria Thun und Hornkiesel).<\/p>\n<p class=\"preFade fadeIn\">Wir verwenden verschiedene Kr\u00e4utersude um Krankheiten vorzubeugen, das Wachstum unserer Reben zu unterst\u00fctzen und den Reifeprozess der Fr\u00fcchte zu f\u00f6rdern. Hierbei nutzen wir u.a. Schachtelhalm, Weide, Beinwell, Brennnessel, Baldrian, Schafgarbe, L\u00f6wenzahn, Eichenrinde und Kamille. Dank dieses Ansatzes setzen wir Kupfer und Schwefel nur bei Bedarf und in hom\u00f6opathischen Dosen ein.<\/p>\n<p class=\"preFade fadeIn\">Die verwendeten Pflanzen wachsen wild auf unseren Feldern, ihrer Umgebung oder werden von uns gepflanzt. All diese Vorbereitungen werden vor Ort in Zusammenarbeit mit anderen Landwirten getroffen, um unsere Kr\u00e4fte zu b\u00fcndeln und eine autonomere Landwirtschaft zu etablieren, die weniger abh\u00e4ngig von der Industrie ist.<\/p>\n<p class=\"preFade fadeIn\">Der manuelle Schnitt ist das perfekte Instrument, uns an jede Rebe anzupassen und in jedem Stadium des Lebenszyklus auf die Bed\u00fcrfnisse der B\u00f6den und Reben zu achten.<\/p>\n<p class=\"preFade fadeIn\">Die Weinlese erfolgt stets nachts, um den vollen Geschmack des Weines zu bewahren und eine sp\u00e4tere K\u00fchlung im Keller zu vermeiden. Dank dieser nat\u00fcrlichen Konservierung sind die Aromen besser gesch\u00fctzt und dr\u00fccken sich mit gr\u00f6\u00dferer Finesse aus.<\/p>\n\n\t\t<\/div>\n\t<\/div>\n\r\n                        <\/div>\r\n                    <\/div>\r\n                <\/div>\r\n        <div class=\"vc_row wpb_row vc_inner vc_row-fluid vc_custom_1658008324570\"><div class=\"kamilica wpb_column vc_column_container vc_col-sm-12 vc_col-has-fill\" id=\"kamilica\"><div class=\"vc_column-inner vc_custom_1655897419237\"><div class=\"wpb_wrapper\">\n\t<div class=\"wpb_text_column wpb_content_element\" >\n\t\t<div class=\"wpb_wrapper\">\n\t\t\t<h3 style=\"text-align: center;\"><span style=\"color: #ffffff;\">\"Wir verwenden verschiedene Kr\u00e4utertees um Krankheiten vorzubeugen, das Wachstum unserer Reben zu unterst\u00fctzen\nund den Reifeprozess der Fr\u00fcchten zu fordern.\"<\/span><\/h3>\n\n\t\t<\/div>\n\t<\/div>\n<\/div><\/div><\/div><\/div>\r\n                <div class=\"container-fluid p-0\">\r\n                        <div class=\"row d-flex align-items-center\">\r\n                            <div class=\"col-lg-6 p-0\">\r\n                                <div class=\"image-holder height-70\" data-background=\"https:\/\/www.domainearquiris.com\/wp-content\/uploads\/2022\/06\/20210917_0437.jpg\" >\r\n                                    \r\n                                <\/div>\r\n                            <\/div>\r\n                            <div class=\"col-lg-4 offset-lg-1 p-6 p-lg-0\" >\r\n                                \n\t<div class=\"wpb_text_column wpb_content_element\" >\n\t\t<div class=\"wpb_wrapper\">\n\t\t\t<h2 class=\"preScale scaleIn\" style=\"text-align: center;\">Die Vinifikation<\/h2>\n<p class=\"preFade fadeIn\">Die Weinbereitung ist eine Phase, welche besondere Aufmerksamkeit erfordert. So sind wir st\u00e4ndige Beobachter des G\u00e4rungsprozesses.<\/p>\n<p class=\"preFade fadeIn\">Gesunde Trauben, eine Ernte zum richtigen Reifezeitpunkt und extreme Hygienevorkehrungen im Keller erm\u00f6glichen es uns, Weine zu produzieren, die all ihre Aromen ohne Zusatz von exogener Hefe und so gut wie ohne zus\u00e4tzliche Zutaten offenbaren.<\/p>\n<p class=\"preFade fadeIn\">Wir greifen nur sehr selten in den Prozess der Vinifikation ein und begleiten unseren Wein bis zur Flaschenabf\u00fcllung.<\/p>\n\n\t\t<\/div>\n\t<\/div>\n\r\n                            <\/div>\r\n                        <\/div>\r\n    \r\n                <\/div>\r\n        <\/div><\/div><\/div><\/div><div class=\"vc_row-full-width vc_clearfix\"><\/div>","protected":false},"excerpt":{"rendered":"Biodynamics A terroir and a biodynamic practice After several years of organic practice with little mechanization in our vineyards we became aware that it was more efficient to work in constant cooperation with the different components of our environment. More than just respecting nature, our attention has gradually shifted to reconsidering nature as a whole [...]","protected":false},"author":1,"featured_media":0,"parent":0,"menu_order":0,"comment_status":"closed","ping_status":"closed","template":"","meta":{"_mi_skip_tracking":false,"_monsterinsights_sitenote_active":false,"_monsterinsights_sitenote_note":"","_monsterinsights_sitenote_category":0,"_vp_format_video_url":"","_vp_image_focal_point":[],"footnotes":""},"class_list":["post-3415","page","type-page","status-publish","hentry"],"aioseo_notices":[],"yoast_head":"<!-- This site is optimized with the Yoast SEO plugin v21.4 - https:\/\/yoast.com\/wordpress\/plugins\/seo\/ -->\n<title>Biodynamics - Domaine Arquiris<\/title>\n<meta name=\"robots\" content=\"index, follow, max-snippet:-1, max-image-preview:large, max-video-preview:-1\" \/>\n<link rel=\"canonical\" href=\"https:\/\/www.domainearquiris.com\/de\/biodynamics\/\" \/>\n<meta property=\"og:locale\" content=\"de_DE\" \/>\n<meta property=\"og:type\" content=\"article\" \/>\n<meta property=\"og:title\" content=\"Biodynamics - Domaine Arquiris\" \/>\n<meta property=\"og:url\" content=\"https:\/\/www.domainearquiris.com\/de\/biodynamics\/\" \/>\n<meta property=\"og:site_name\" content=\"Domaine Arquiris\" \/>\n<meta property=\"article:modified_time\" content=\"2022-07-19T13:58:02+00:00\" \/>\n<meta name=\"twitter:card\" content=\"summary_large_image\" \/>\n<meta name=\"twitter:label1\" content=\"Gesch\u00e4tzte Lesezeit\" \/>\n\t<meta name=\"twitter:data1\" content=\"4\u00a0Minuten\" \/>\n<script type=\"application\/ld+json\" class=\"yoast-schema-graph\">{\"@context\":\"https:\/\/schema.org\",\"@graph\":[{\"@type\":\"WebPage\",\"@id\":\"https:\/\/www.domainearquiris.com\/biodynamics\/\",\"url\":\"https:\/\/www.domainearquiris.com\/biodynamics\/\",\"name\":\"Biodynamics - Domaine Arquiris\",\"isPartOf\":{\"@id\":\"https:\/\/www.domainearquiris.com\/#website\"},\"datePublished\":\"2022-05-17T12:14:44+00:00\",\"dateModified\":\"2022-07-19T13:58:02+00:00\",\"breadcrumb\":{\"@id\":\"https:\/\/www.domainearquiris.com\/biodynamics\/#breadcrumb\"},\"inLanguage\":\"de\",\"potentialAction\":[{\"@type\":\"ReadAction\",\"target\":[\"https:\/\/www.domainearquiris.com\/biodynamics\/\"]}]},{\"@type\":\"BreadcrumbList\",\"@id\":\"https:\/\/www.domainearquiris.com\/biodynamics\/#breadcrumb\",\"itemListElement\":[{\"@type\":\"ListItem\",\"position\":1,\"name\":\"Home\",\"item\":\"https:\/\/www.domainearquiris.com\/\"},{\"@type\":\"ListItem\",\"position\":2,\"name\":\"Biodynamics\"}]},{\"@type\":\"WebSite\",\"@id\":\"https:\/\/www.domainearquiris.com\/#website\",\"url\":\"https:\/\/www.domainearquiris.com\/\",\"name\":\"Domaine Arquiris\",\"description\":\"Winary\",\"potentialAction\":[{\"@type\":\"SearchAction\",\"target\":{\"@type\":\"EntryPoint\",\"urlTemplate\":\"https:\/\/www.domainearquiris.com\/?s={search_term_string}\"},\"query-input\":\"required name=search_term_string\"}],\"inLanguage\":\"de\"}]}<\/script>\n<!-- \/ Yoast SEO plugin. -->","yoast_head_json":{"title":"Biodynamics - Domaine Arquiris","robots":{"index":"index","follow":"follow","max-snippet":"max-snippet:-1","max-image-preview":"max-image-preview:large","max-video-preview":"max-video-preview:-1"},"canonical":"https:\/\/www.domainearquiris.com\/de\/biodynamics\/","og_locale":"de_DE","og_type":"article","og_title":"Biodynamics - Domaine Arquiris","og_url":"https:\/\/www.domainearquiris.com\/de\/biodynamics\/","og_site_name":"Domaine Arquiris","article_modified_time":"2022-07-19T13:58:02+00:00","twitter_card":"summary_large_image","twitter_misc":{"Gesch\u00e4tzte Lesezeit":"4\u00a0Minuten"},"schema":{"@context":"https:\/\/schema.org","@graph":[{"@type":"WebPage","@id":"https:\/\/www.domainearquiris.com\/biodynamics\/","url":"https:\/\/www.domainearquiris.com\/biodynamics\/","name":"Biodynamics - Domaine Arquiris","isPartOf":{"@id":"https:\/\/www.domainearquiris.com\/#website"},"datePublished":"2022-05-17T12:14:44+00:00","dateModified":"2022-07-19T13:58:02+00:00","breadcrumb":{"@id":"https:\/\/www.domainearquiris.com\/biodynamics\/#breadcrumb"},"inLanguage":"de","potentialAction":[{"@type":"ReadAction","target":["https:\/\/www.domainearquiris.com\/biodynamics\/"]}]},{"@type":"BreadcrumbList","@id":"https:\/\/www.domainearquiris.com\/biodynamics\/#breadcrumb","itemListElement":[{"@type":"ListItem","position":1,"name":"Home","item":"https:\/\/www.domainearquiris.com\/"},{"@type":"ListItem","position":2,"name":"Biodynamics"}]},{"@type":"WebSite","@id":"https:\/\/www.domainearquiris.com\/#website","url":"https:\/\/www.domainearquiris.com\/","name":"Domaine Arquiris","description":"Winary","potentialAction":[{"@type":"SearchAction","target":{"@type":"EntryPoint","urlTemplate":"https:\/\/www.domainearquiris.com\/?s={search_term_string}"},"query-input":"required name=search_term_string"}],"inLanguage":"de"}]}},"_links":{"self":[{"href":"https:\/\/www.domainearquiris.com\/de\/wp-json\/wp\/v2\/pages\/3415","targetHints":{"allow":["GET"]}}],"collection":[{"href":"https:\/\/www.domainearquiris.com\/de\/wp-json\/wp\/v2\/pages"}],"about":[{"href":"https:\/\/www.domainearquiris.com\/de\/wp-json\/wp\/v2\/types\/page"}],"author":[{"embeddable":true,"href":"https:\/\/www.domainearquiris.com\/de\/wp-json\/wp\/v2\/users\/1"}],"replies":[{"embeddable":true,"href":"https:\/\/www.domainearquiris.com\/de\/wp-json\/wp\/v2\/comments?post=3415"}],"version-history":[{"count":53,"href":"https:\/\/www.domainearquiris.com\/de\/wp-json\/wp\/v2\/pages\/3415\/revisions"}],"predecessor-version":[{"id":4017,"href":"https:\/\/www.domainearquiris.com\/de\/wp-json\/wp\/v2\/pages\/3415\/revisions\/4017"}],"wp:attachment":[{"href":"https:\/\/www.domainearquiris.com\/de\/wp-json\/wp\/v2\/media?parent=3415"}],"curies":[{"name":"wp","href":"https:\/\/api.w.org\/{rel}","templated":true}]}}