{"id":1846,"date":"2018-05-11T11:28:06","date_gmt":"2018-05-11T11:28:06","guid":{"rendered":"http:\/\/wp.dexifly.com\/cuber\/?page_id=1846"},"modified":"2022-09-14T17:42:52","modified_gmt":"2022-09-14T17:42:52","slug":"agency","status":"publish","type":"page","link":"https:\/\/www.domainearquiris.com\/de\/","title":{"rendered":"Accueil"},"content":{"rendered":"<div data-vc-full-width=\"true\" data-vc-full-width-init=\"false\" data-vc-stretch-content=\"true\" class=\"vc_row wpb_row vc_row-fluid vc_custom_1658013577064 vc_row-o-content-middle vc_row-flex color--white height-100\"><div class=\"wpb_column vc_column_container vc_col-sm-12 vc_col-md-6 vc_col-xs-12\"><div class=\"vc_column-inner\"><div class=\"wpb_wrapper\">\n\t<div class=\"wpb_text_column wpb_content_element\" >\n\t\t<div class=\"wpb_wrapper\">\n\t\t\t<h1 style=\"text-align: center; font-size: 65px;\"><span style=\"color: #ffffff;\">Domaine Arquiris<\/span><\/h1>\n\n\t\t<\/div>\n\t<\/div>\n<\/div><\/div><\/div><\/div><div class=\"vc_row-full-width vc_clearfix\"><\/div><div class=\"nk-awb  nk-awb-after-vc_row\" ><div class=\"nk-awb-wrap\" data-awb-type=\"image\" data-awb-stretch=\"true\" data-awb-image-background-size=\"cover\" data-awb-image-background-position=\"50% 50%\"><div class=\"nk-awb-overlay\" style=\"background-color: rgba(0,0,0,0.4);\"><\/div><div  class=\"nk-awb-inner\"><img loading=\"lazy\" decoding=\"async\" width=\"2500\" height=\"1666\" src=\"https:\/\/www.domainearquiris.com\/wp-content\/uploads\/2022\/03\/DSC_0011-1.jpg\" class=\"jarallax-img\" alt=\"\" style=\"object-position: 50% 50%;\" srcset=\"https:\/\/www.domainearquiris.com\/wp-content\/uploads\/2022\/03\/DSC_0011-1.jpg 2500w, https:\/\/www.domainearquiris.com\/wp-content\/uploads\/2022\/03\/DSC_0011-1-600x400.jpg 600w, https:\/\/www.domainearquiris.com\/wp-content\/uploads\/2022\/03\/DSC_0011-1-300x200.jpg 300w, https:\/\/www.domainearquiris.com\/wp-content\/uploads\/2022\/03\/DSC_0011-1-1024x682.jpg 1024w, https:\/\/www.domainearquiris.com\/wp-content\/uploads\/2022\/03\/DSC_0011-1-768x512.jpg 768w, https:\/\/www.domainearquiris.com\/wp-content\/uploads\/2022\/03\/DSC_0011-1-1536x1024.jpg 1536w, https:\/\/www.domainearquiris.com\/wp-content\/uploads\/2022\/03\/DSC_0011-1-2048x1365.jpg 2048w, https:\/\/www.domainearquiris.com\/wp-content\/uploads\/2022\/03\/DSC_0011-1-500x333.jpg 500w, https:\/\/www.domainearquiris.com\/wp-content\/uploads\/2022\/03\/DSC_0011-1-800x533.jpg 800w, https:\/\/www.domainearquiris.com\/wp-content\/uploads\/2022\/03\/DSC_0011-1-1280x853.jpg 1280w, https:\/\/www.domainearquiris.com\/wp-content\/uploads\/2022\/03\/DSC_0011-1-1920x1279.jpg 1920w\" sizes=\"auto, (max-width: 2500px) 100vw, 2500px\" \/><\/div><\/div><\/div><div data-vc-full-width=\"true\" data-vc-full-width-init=\"false\" data-vc-stretch-content=\"true\" class=\"vc_row wpb_row vc_row-fluid vc_row-no-padding\"><div class=\"wpb_column vc_column_container vc_col-sm-12\"><div class=\"vc_column-inner\"><div class=\"wpb_wrapper\">\r\n                <div class=\"container-fluid p-0 climate\">\r\n                        <div class=\"row d-flex align-items-center\">\r\n                            <div class=\"col-lg-6 p-0\">\r\n                                <div class=\"image-holder height-70\" data-background=\"https:\/\/www.domainearquiris.com\/wp-content\/uploads\/2022\/03\/20210917_0100.jpg\" >\r\n                                    \r\n                                <\/div>\r\n                            <\/div>\r\n                            <div class=\"col-lg-4 offset-lg-1 p-6 p-lg-0\" >\r\n                                \n\t<div class=\"wpb_text_column wpb_content_element\" >\n\t\t<div class=\"wpb_wrapper\">\n\t\t\t<h3>Entdecken Sie unser Domaine<\/h3>\n<p class=\"\">Am Fu\u00dfe des Carnigou, nur unweit der K\u00fcste baden unsere Reben in der katalanischen Sonne S\u00fcdfrankreichs. Hier, im Herzen der Region Roussillon, wachsen die Trauben von famili\u00e4rer Hand beh\u00fctet zu ihrem vollen Saft heran.  \n\nNach Jahren der Arbeit auf unseren Feldern haben wir Wissen sowie Fertigkeiten erlangt, respektvoll mit der Natur und ihrer Artenvielfalt zu kooperieren. Diese Zusammenarbeit erm\u00f6glicht es uns an der Ausgewogenheit, Typizit\u00e4t und den Aromen unserer Trauben zu feilen, um letzten Endes Ihnen unsere edlen und geschmackvollen Demeter-Weine pr\u00e4sentieren zu k\u00f6nnen.<\/p>\n<p class=\"\">Nach Jahren der Arbeit auf unseren Feldern haben wir Wissen sowie Fertigkeiten erlangt, respektvoll mit der Natur und ihrer Artenvielfalt zu kooperieren. Diese Zusammenarbeit erm\u00f6glicht es uns an der Ausgewogenheit, Typizit\u00e4t und den Aromen unserer Trauben zu feilen, um letzten Endes Ihnen unsere edlen und geschmackvollen Demeter-Weine pr\u00e4sentieren zu k\u00f6nnen.<\/p>\n\n\t\t<\/div>\n\t<\/div>\n<a href=\"https:\/\/www.domainearquiris.com\/the-estate\/\"    class=\"btn btn-primary\">Mehr erfahren<\/a>\r\n                            <\/div>\r\n                        <\/div>\r\n    \r\n                <\/div>\r\n        <\/div><\/div><\/div><\/div><div class=\"vc_row-full-width vc_clearfix\"><\/div>","protected":false},"excerpt":{"rendered":"Domaine Arquiris Discover our domain Situated on the Catalan coast, in the heart of Roussillon, we invite you to discover our vineyard, artisanal, family-owned and sustainable. It is at the foot of the Canigou, a few kilometers from the sea, where our grapes soak up the Mediterranean sun, which gives them a full-bodied flavor. Over [...]","protected":false},"author":1,"featured_media":0,"parent":0,"menu_order":0,"comment_status":"closed","ping_status":"closed","template":"","meta":{"_mi_skip_tracking":false,"_monsterinsights_sitenote_active":false,"_monsterinsights_sitenote_note":"","_monsterinsights_sitenote_category":0,"_vp_format_video_url":"","_vp_image_focal_point":[],"footnotes":""},"class_list":["post-1846","page","type-page","status-publish","hentry"],"aioseo_notices":[],"yoast_head":"<!-- This site is optimized with the Yoast SEO plugin v21.4 - https:\/\/yoast.com\/wordpress\/plugins\/seo\/ -->\n<title>Accueil - Domaine Arquiris<\/title>\n<meta name=\"robots\" content=\"index, follow, max-snippet:-1, max-image-preview:large, max-video-preview:-1\" \/>\n<link rel=\"canonical\" href=\"https:\/\/www.domainearquiris.com\/de\/\" \/>\n<meta property=\"og:locale\" content=\"de_DE\" \/>\n<meta property=\"og:type\" content=\"article\" \/>\n<meta property=\"og:title\" content=\"Accueil - Domaine Arquiris\" \/>\n<meta property=\"og:url\" content=\"https:\/\/www.domainearquiris.com\/de\/\" \/>\n<meta property=\"og:site_name\" content=\"Domaine Arquiris\" \/>\n<meta property=\"article:modified_time\" content=\"2022-09-14T17:42:52+00:00\" \/>\n<meta name=\"twitter:card\" content=\"summary_large_image\" \/>\n<meta name=\"twitter:label1\" content=\"Gesch\u00e4tzte Lesezeit\" \/>\n\t<meta name=\"twitter:data1\" content=\"1\u00a0Minute\" \/>\n<script type=\"application\/ld+json\" class=\"yoast-schema-graph\">{\"@context\":\"https:\/\/schema.org\",\"@graph\":[{\"@type\":\"WebPage\",\"@id\":\"https:\/\/www.domainearquiris.com\/\",\"url\":\"https:\/\/www.domainearquiris.com\/\",\"name\":\"Accueil - Domaine Arquiris\",\"isPartOf\":{\"@id\":\"https:\/\/www.domainearquiris.com\/#website\"},\"datePublished\":\"2018-05-11T11:28:06+00:00\",\"dateModified\":\"2022-09-14T17:42:52+00:00\",\"breadcrumb\":{\"@id\":\"https:\/\/www.domainearquiris.com\/#breadcrumb\"},\"inLanguage\":\"de\",\"potentialAction\":[{\"@type\":\"ReadAction\",\"target\":[\"https:\/\/www.domainearquiris.com\/\"]}]},{\"@type\":\"BreadcrumbList\",\"@id\":\"https:\/\/www.domainearquiris.com\/#breadcrumb\",\"itemListElement\":[{\"@type\":\"ListItem\",\"position\":1,\"name\":\"Home\",\"item\":\"https:\/\/www.domainearquiris.com\/\"},{\"@type\":\"ListItem\",\"position\":2,\"name\":\"Accueil\"}]},{\"@type\":\"WebSite\",\"@id\":\"https:\/\/www.domainearquiris.com\/#website\",\"url\":\"https:\/\/www.domainearquiris.com\/\",\"name\":\"Domaine Arquiris\",\"description\":\"Winary\",\"potentialAction\":[{\"@type\":\"SearchAction\",\"target\":{\"@type\":\"EntryPoint\",\"urlTemplate\":\"https:\/\/www.domainearquiris.com\/?s={search_term_string}\"},\"query-input\":\"required name=search_term_string\"}],\"inLanguage\":\"de\"}]}<\/script>\n<!-- \/ Yoast SEO plugin. -->","yoast_head_json":{"title":"Accueil - Domaine Arquiris","robots":{"index":"index","follow":"follow","max-snippet":"max-snippet:-1","max-image-preview":"max-image-preview:large","max-video-preview":"max-video-preview:-1"},"canonical":"https:\/\/www.domainearquiris.com\/de\/","og_locale":"de_DE","og_type":"article","og_title":"Accueil - Domaine Arquiris","og_url":"https:\/\/www.domainearquiris.com\/de\/","og_site_name":"Domaine Arquiris","article_modified_time":"2022-09-14T17:42:52+00:00","twitter_card":"summary_large_image","twitter_misc":{"Gesch\u00e4tzte Lesezeit":"1\u00a0Minute"},"schema":{"@context":"https:\/\/schema.org","@graph":[{"@type":"WebPage","@id":"https:\/\/www.domainearquiris.com\/","url":"https:\/\/www.domainearquiris.com\/","name":"Accueil - Domaine Arquiris","isPartOf":{"@id":"https:\/\/www.domainearquiris.com\/#website"},"datePublished":"2018-05-11T11:28:06+00:00","dateModified":"2022-09-14T17:42:52+00:00","breadcrumb":{"@id":"https:\/\/www.domainearquiris.com\/#breadcrumb"},"inLanguage":"de","potentialAction":[{"@type":"ReadAction","target":["https:\/\/www.domainearquiris.com\/"]}]},{"@type":"BreadcrumbList","@id":"https:\/\/www.domainearquiris.com\/#breadcrumb","itemListElement":[{"@type":"ListItem","position":1,"name":"Home","item":"https:\/\/www.domainearquiris.com\/"},{"@type":"ListItem","position":2,"name":"Accueil"}]},{"@type":"WebSite","@id":"https:\/\/www.domainearquiris.com\/#website","url":"https:\/\/www.domainearquiris.com\/","name":"Domaine Arquiris","description":"Winary","potentialAction":[{"@type":"SearchAction","target":{"@type":"EntryPoint","urlTemplate":"https:\/\/www.domainearquiris.com\/?s={search_term_string}"},"query-input":"required name=search_term_string"}],"inLanguage":"de"}]}},"_links":{"self":[{"href":"https:\/\/www.domainearquiris.com\/de\/wp-json\/wp\/v2\/pages\/1846","targetHints":{"allow":["GET"]}}],"collection":[{"href":"https:\/\/www.domainearquiris.com\/de\/wp-json\/wp\/v2\/pages"}],"about":[{"href":"https:\/\/www.domainearquiris.com\/de\/wp-json\/wp\/v2\/types\/page"}],"author":[{"embeddable":true,"href":"https:\/\/www.domainearquiris.com\/de\/wp-json\/wp\/v2\/users\/1"}],"replies":[{"embeddable":true,"href":"https:\/\/www.domainearquiris.com\/de\/wp-json\/wp\/v2\/comments?post=1846"}],"version-history":[{"count":59,"href":"https:\/\/www.domainearquiris.com\/de\/wp-json\/wp\/v2\/pages\/1846\/revisions"}],"predecessor-version":[{"id":4064,"href":"https:\/\/www.domainearquiris.com\/de\/wp-json\/wp\/v2\/pages\/1846\/revisions\/4064"}],"wp:attachment":[{"href":"https:\/\/www.domainearquiris.com\/de\/wp-json\/wp\/v2\/media?parent=1846"}],"curies":[{"name":"wp","href":"https:\/\/api.w.org\/{rel}","templated":true}]}}