{"id":1788,"date":"2018-05-10T06:59:45","date_gmt":"2018-05-10T06:59:45","guid":{"rendered":"http:\/\/wp.dexifly.com\/cuber\/?page_id=1788"},"modified":"2022-08-13T18:24:49","modified_gmt":"2022-08-13T18:24:49","slug":"the-estate","status":"publish","type":"page","link":"https:\/\/www.domainearquiris.com\/de\/the-estate\/","title":{"rendered":"Unser Domaine"},"content":{"rendered":"<div class=\"vc_row wpb_row vc_row-fluid vc_row-o-content-middle vc_row-flex color--white height-70\"><div class=\"wpb_column vc_column_container vc_col-sm-12\"><div class=\"vc_column-inner\"><div class=\"wpb_wrapper\">\n\t<div class=\"wpb_text_column wpb_content_element\" >\n\t\t<div class=\"wpb_wrapper\">\n\t\t\t<h1 style=\"text-align: center;\">Unser Domaine<\/h1>\n\n\t\t<\/div>\n\t<\/div>\n<\/div><\/div><\/div><\/div><div class=\"nk-awb  nk-awb-after-vc_row\" ><div class=\"nk-awb-wrap\" data-awb-type=\"image\" data-awb-stretch=\"true\" data-awb-image-background-size=\"cover\" data-awb-image-background-position=\"50% 50%\"><div class=\"nk-awb-overlay\" style=\"background-color: rgba(0,0,0,0.01);\"><\/div><div  class=\"nk-awb-inner\"><img loading=\"lazy\" decoding=\"async\" width=\"2560\" height=\"1705\" src=\"https:\/\/www.domainearquiris.com\/wp-content\/uploads\/2022\/07\/20210917_0100-scaled.jpg\" class=\"jarallax-img\" alt=\"\" style=\"object-position: 50% 50%;\" srcset=\"https:\/\/www.domainearquiris.com\/wp-content\/uploads\/2022\/07\/20210917_0100-scaled.jpg 2560w, https:\/\/www.domainearquiris.com\/wp-content\/uploads\/2022\/07\/20210917_0100-300x200.jpg 300w, https:\/\/www.domainearquiris.com\/wp-content\/uploads\/2022\/07\/20210917_0100-1024x682.jpg 1024w, https:\/\/www.domainearquiris.com\/wp-content\/uploads\/2022\/07\/20210917_0100-150x100.jpg 150w, https:\/\/www.domainearquiris.com\/wp-content\/uploads\/2022\/07\/20210917_0100-768x511.jpg 768w, https:\/\/www.domainearquiris.com\/wp-content\/uploads\/2022\/07\/20210917_0100-1536x1023.jpg 1536w, https:\/\/www.domainearquiris.com\/wp-content\/uploads\/2022\/07\/20210917_0100-2048x1364.jpg 2048w, https:\/\/www.domainearquiris.com\/wp-content\/uploads\/2022\/07\/20210917_0100-18x12.jpg 18w, https:\/\/www.domainearquiris.com\/wp-content\/uploads\/2022\/07\/20210917_0100-500x333.jpg 500w, https:\/\/www.domainearquiris.com\/wp-content\/uploads\/2022\/07\/20210917_0100-800x533.jpg 800w\" sizes=\"auto, (max-width: 2560px) 100vw, 2560px\" \/><\/div><\/div><\/div><div data-vc-full-width=\"true\" data-vc-full-width-init=\"false\" data-vc-stretch-content=\"true\" class=\"vc_row wpb_row vc_row-fluid vc_custom_1658237220795 vc_row-no-padding\"><div class=\"wpb_column vc_column_container vc_col-sm-12\"><div class=\"vc_column-inner\"><div class=\"wpb_wrapper\">\r\n                <div class=\"container-fluid p-0 climate\">\r\n                        <div class=\"row d-flex align-items-center\">\r\n                            <div class=\"col-lg-6 p-0\">\r\n                                <div class=\"image-holder height-70\" data-background=\"https:\/\/www.domainearquiris.com\/wp-content\/uploads\/2022\/06\/20210917_0147.jpg\" >\r\n                                    \r\n                                <\/div>\r\n                            <\/div>\r\n                            <div class=\"col-lg-4 offset-lg-1 p-6 p-lg-0\" >\r\n                                \n\t<div class=\"wpb_text_column wpb_content_element\" >\n\t\t<div class=\"wpb_wrapper\">\n\t\t\t<h3 class=\"preScale scaleIn\">Ein Terroir und ein Klima<\/h3>\n<p class=\"preFade fadeIn\">Unser Wein ist die Frucht seines Terroirs. Der Roussillon ist die Region Frankreichs mit dem h\u00f6chsten Anteil biologischer Landwirtschaft und wei\u00df durch die Vielfalt seiner Natur zu begeistern.<\/p>\n<p>Nur ein Steinwurf vom Meer, fest umschlungen von den Pyren\u00e4en sind unsere Weinberge einem anspruchsvollen Klima ausgesetzt: hei\u00dfe Sommer, milde Winter und dazwischen intensive Niederschl\u00e4ge in Herbst sowie Fr\u00fchjahr. Mediterran par excellence ! Dominiert wird die wilde K\u00fcste von der Silhouette des Canigou, der steinernen Eminenz des Roussillon. Nahezu ununterbrochen bl\u00e4st er die Tramontagne, rauen und trockenen Wind, von den Pyren\u00e4en durch die Weinst\u00f6cke. In Zeiten der Ruhe dann legt sich ein salziger Film zarter Gischt auf die Haut der Trauben.<\/p>\n\n\t\t<\/div>\n\t<\/div>\n\r\n                            <\/div>\r\n                        <\/div>\r\n    \r\n                <\/div>\r\n        \r\n                <div class=\"container-fluid p-0 customImage\">\r\n                    <div class=\"row d-flex align-items-center\">\r\n                            <div class=\"offset-lg-1 col-lg-6 p-0 order-lg-1\">\r\n                                <div class=\"image-holder height-80\" data-background=\"https:\/\/www.domainearquiris.com\/wp-content\/uploads\/2022\/06\/20210917_0131.jpg\" >\r\n                                \r\n                                <\/div>\r\n                            <\/div>\r\n                        <div class=\"col-lg-4 offset-lg-1 order-lg-0 p-6 p-lg-0\" >\r\n                            \n\t<div class=\"wpb_text_column wpb_content_element\" >\n\t\t<div class=\"wpb_wrapper\">\n\t\t\t<h3><\/h3>\n<h3><\/h3>\n<p>&nbsp;<\/p>\n<h3 class=\"preScale scaleIn\">Ein Terroir und seine B\u00f6den<\/h3>\n<p class=\"preFade fadeIn\">Geologisch betrachtet ist die Roussillon-Region in einem stetigen Wandel. Im Terti\u00e4r und Quart\u00e4r erle bte sie tiefgreifende Umw\u00e4lzungen, die zur Hebung der Pyren\u00e4en f\u00fchrten. Diese Umwandlungen haben eine Vielzahl von Terroirs mit sehr unterschiedlichen Eigenschaften geschaffen.<\/p>\n<p>So arbeiten wir auf unseren f\u00fcnf Hektar mit unterschiedlichen B\u00f6den, an die wir unsere landwirtschaftlichen Praktiken anpassen:<\/p>\n<p class=\"preFade fadeIn\">In unsere Fluviosol-B\u00f6den, Schwemmland aus Schluffen und Sanden, arbeiten wir regelm\u00e4\u00dfig Dung von einem benachbarten Bauernhof und organisches Material ein, dass wir vorab mehrere Monate kompostieren. So gelingt es uns deren geringes R\u00fcckhalteverm\u00f6gen auszugleichen.  Dieser kieselhaltige Boden erm\u00f6glicht es, eher feine und leichte Weine zu produzieren.<\/p>\n<p class=\"preFade fadeIn\">Auf den Salisols, die reich an l\u00f6slichen Salzen sind, haben wir mit Trockenheit zu k\u00e4mpfen. Deshalb achten wir hier besonders darauf, die Wasserbindung und den Humusanteil durch Erh\u00f6hung der Mykorrhizierungsrate der Wurzeln zu erhalten. Dieser satzhaltige Boden bietet uns die M\u00f6glichkeit, einen schmackhaften und klaren Wein herzustellen.<\/p>\n<p class=\"preFade fadeIn\">Unsere \"roten B\u00f6den\", die Fersialsols, sind lehmig und von Eiskristallen durchsetzt. Dort m\u00fcssen wir zwischen den Regenf\u00e4llen jonglieren, um die Reben zu bearbeiten, ohne den Boden zu zerst\u00f6ren, da dieser anf\u00e4llig f\u00fcr Trockenheit ist. Jedoch besitzt dieser ein gutes Austausch- und R\u00fcckhalteverm\u00f6gen f\u00fcr Wasser und N\u00e4hrstoffe. Aus den Fersialsols erwachsen volumin\u00f6se, vollmundige Weine.<\/p>\n<p class=\"preFade fadeIn\">Tagt\u00e4glich arbeiten wir am Erhalt der Lebendigkeit unsere Erde, damit sie ein wahres Reservoir der mikrobiellen, tierischen und pflanzlichen Biodiversit\u00e4t bleibt. Durch unsere Praktiken versuchen wir, die Aktivit\u00e4t von Pilzen und Mykorrhizen zu entwickeln und gewinnen so essentielle Verb\u00fcndete jeder unserer Reben. Dazu ben\u00f6tigt es Zeit und Geduld, damit jeder Organismus seinen Platz findet und harmonisch wirken kann.<\/p>\n<p>Mittels dieser Herangehensweise unterst\u00fctzen wir aktiv die nationalen Bestrebungen, den Verlust von Kohlestoffbindung in B\u00f6den zu stoppen, welcher die Nachhaltigkeit landwirtschaftlicher Erzeugnisse mindert, langfristig die Produktion verringert und die Ern\u00e4hrungssicherheit bedroht. Auch sind wir uns der besonderen Bedeutung von Kohlenstoffsequestrierung f\u00fcr das Erreichen der COP 21 Ziele bewusst.<\/p>\n\n\t\t<\/div>\n\t<\/div>\n<div class=\"vc_separator wpb_content_element vc_separator_align_center vc_sep_width_100 vc_sep_pos_align_center vc_separator_no_text vc_sep_color_grey\" ><span class=\"vc_sep_holder vc_sep_holder_l\"><span  class=\"vc_sep_line\"><\/span><\/span><span class=\"vc_sep_holder vc_sep_holder_r\"><span  class=\"vc_sep_line\"><\/span><\/span>\n<\/div><div class=\"vc_empty_space\"   style=\"height: 20px\"><span class=\"vc_empty_space_inner\"><\/span><\/div>\r\n                        <\/div>\r\n                    <\/div>\r\n                <\/div>\r\n        <div class=\"vc_row wpb_row vc_inner vc_row-fluid videos\"><div class=\"wpb_column vc_column_container vc_col-sm-4\"><div class=\"vc_column-inner\"><div class=\"wpb_wrapper\">\n\t<div class=\"wpb_text_column wpb_content_element\" >\n\t\t<div class=\"wpb_wrapper\">\n\t\t\t<h4 style=\"text-align: center;\">Um zu verstehen, warum die Kohlenstoffsequestrierung im Boden f\u00fcr alle Lebewesen von grundlegender Bedeutung ist, schau dir das Video an!<\/h4>\n\n\t\t<\/div>\n\t<\/div>\n<\/div><\/div><\/div><div class=\"wpb_column vc_column_container vc_col-sm-4\"><div class=\"vc_column-inner\"><div class=\"wpb_wrapper\">\n\t<div  class=\"wpb_single_image wpb_content_element vc_align_center\">\n\t\t\n\t\t<figure class=\"wpb_wrapper vc_figure\">\n\t\t\t<div class=\"vc_single_image-wrapper   vc_box_border_grey\"><img loading=\"lazy\" decoding=\"async\" width=\"300\" height=\"119\" src=\"https:\/\/www.domainearquiris.com\/wp-content\/uploads\/2022\/06\/Fleche1-300x119.png\" class=\"vc_single_image-img attachment-medium\" alt=\"\" srcset=\"https:\/\/www.domainearquiris.com\/wp-content\/uploads\/2022\/06\/Fleche1-300x119.png 300w, https:\/\/www.domainearquiris.com\/wp-content\/uploads\/2022\/06\/Fleche1-150x59.png 150w, https:\/\/www.domainearquiris.com\/wp-content\/uploads\/2022\/06\/Fleche1-18x7.png 18w, https:\/\/www.domainearquiris.com\/wp-content\/uploads\/2022\/06\/Fleche1.png 401w\" sizes=\"auto, (max-width: 300px) 100vw, 300px\" \/><\/div>\n\t\t<\/figure>\n\t<\/div>\n<\/div><\/div><\/div><div class=\"wpb_column vc_column_container vc_col-sm-4\"><div class=\"vc_column-inner\"><div class=\"wpb_wrapper\">\n\t<div class=\"wpb_video_widget wpb_content_element vc_clearfix   vc_video-aspect-ratio-169 vc_video-el-width-100 vc_video-align-left\" >\n\t\t<div class=\"wpb_wrapper\">\n\t\t\t\n\t\t\t<div class=\"wpb_video_wrapper\"><iframe loading=\"lazy\" title=\"4 per 1000 | Soils for food security and climate\" width=\"1500\" height=\"844\" src=\"https:\/\/www.youtube.com\/embed\/AY9YVwJZDvw?feature=oembed\" frameborder=\"0\" allow=\"accelerometer; autoplay; clipboard-write; encrypted-media; gyroscope; picture-in-picture\" allowfullscreen><\/iframe><\/div>\n\t\t<\/div>\n\t<\/div>\n<\/div><\/div><\/div><\/div><\/div><\/div><\/div><\/div><div class=\"vc_row-full-width vc_clearfix\"><\/div>","protected":false},"excerpt":{"rendered":"The Estate A terroir and its climate The wine we offer is the fruit of its terroir, the Roussillon, a French region characterized by the quality of its agriculture and hosting the largest proportion of organic production in France. Just a stone's throw away from the sea and at the foot of the mountains, our [...]","protected":false},"author":1,"featured_media":0,"parent":0,"menu_order":0,"comment_status":"closed","ping_status":"closed","template":"","meta":{"_mi_skip_tracking":false,"_monsterinsights_sitenote_active":false,"_monsterinsights_sitenote_note":"","_monsterinsights_sitenote_category":0,"_vp_format_video_url":"","_vp_image_focal_point":[],"footnotes":""},"class_list":["post-1788","page","type-page","status-publish","hentry"],"aioseo_notices":[],"yoast_head":"<!-- This site is optimized with the Yoast SEO plugin v21.4 - https:\/\/yoast.com\/wordpress\/plugins\/seo\/ -->\n<title>The Estate - Domaine Arquiris<\/title>\n<meta name=\"robots\" content=\"index, follow, max-snippet:-1, max-image-preview:large, max-video-preview:-1\" \/>\n<link rel=\"canonical\" href=\"https:\/\/www.domainearquiris.com\/de\/the-estate\/\" \/>\n<meta property=\"og:locale\" content=\"de_DE\" \/>\n<meta property=\"og:type\" content=\"article\" \/>\n<meta property=\"og:title\" content=\"The Estate - Domaine Arquiris\" \/>\n<meta property=\"og:url\" content=\"https:\/\/www.domainearquiris.com\/de\/the-estate\/\" \/>\n<meta property=\"og:site_name\" content=\"Domaine Arquiris\" \/>\n<meta property=\"article:modified_time\" content=\"2022-08-13T18:24:49+00:00\" \/>\n<meta name=\"twitter:card\" content=\"summary_large_image\" \/>\n<meta name=\"twitter:label1\" content=\"Gesch\u00e4tzte Lesezeit\" \/>\n\t<meta name=\"twitter:data1\" content=\"3\u00a0Minuten\" \/>\n<script type=\"application\/ld+json\" class=\"yoast-schema-graph\">{\"@context\":\"https:\/\/schema.org\",\"@graph\":[{\"@type\":\"WebPage\",\"@id\":\"https:\/\/www.domainearquiris.com\/fr\/the-estate\/\",\"url\":\"https:\/\/www.domainearquiris.com\/fr\/the-estate\/\",\"name\":\"The Estate - Domaine Arquiris\",\"isPartOf\":{\"@id\":\"https:\/\/www.domainearquiris.com\/#website\"},\"datePublished\":\"2018-05-10T06:59:45+00:00\",\"dateModified\":\"2022-08-13T18:24:49+00:00\",\"breadcrumb\":{\"@id\":\"https:\/\/www.domainearquiris.com\/fr\/the-estate\/#breadcrumb\"},\"inLanguage\":\"de\",\"potentialAction\":[{\"@type\":\"ReadAction\",\"target\":[\"https:\/\/www.domainearquiris.com\/fr\/the-estate\/\"]}]},{\"@type\":\"BreadcrumbList\",\"@id\":\"https:\/\/www.domainearquiris.com\/fr\/the-estate\/#breadcrumb\",\"itemListElement\":[{\"@type\":\"ListItem\",\"position\":1,\"name\":\"Home\",\"item\":\"https:\/\/www.domainearquiris.com\/\"},{\"@type\":\"ListItem\",\"position\":2,\"name\":\"The Estate\"}]},{\"@type\":\"WebSite\",\"@id\":\"https:\/\/www.domainearquiris.com\/#website\",\"url\":\"https:\/\/www.domainearquiris.com\/\",\"name\":\"Domaine Arquiris\",\"description\":\"Winary\",\"potentialAction\":[{\"@type\":\"SearchAction\",\"target\":{\"@type\":\"EntryPoint\",\"urlTemplate\":\"https:\/\/www.domainearquiris.com\/?s={search_term_string}\"},\"query-input\":\"required name=search_term_string\"}],\"inLanguage\":\"de\"}]}<\/script>\n<!-- \/ Yoast SEO plugin. -->","yoast_head_json":{"title":"The Estate - Domaine Arquiris","robots":{"index":"index","follow":"follow","max-snippet":"max-snippet:-1","max-image-preview":"max-image-preview:large","max-video-preview":"max-video-preview:-1"},"canonical":"https:\/\/www.domainearquiris.com\/de\/the-estate\/","og_locale":"de_DE","og_type":"article","og_title":"The Estate - Domaine Arquiris","og_url":"https:\/\/www.domainearquiris.com\/de\/the-estate\/","og_site_name":"Domaine Arquiris","article_modified_time":"2022-08-13T18:24:49+00:00","twitter_card":"summary_large_image","twitter_misc":{"Gesch\u00e4tzte Lesezeit":"3\u00a0Minuten"},"schema":{"@context":"https:\/\/schema.org","@graph":[{"@type":"WebPage","@id":"https:\/\/www.domainearquiris.com\/fr\/the-estate\/","url":"https:\/\/www.domainearquiris.com\/fr\/the-estate\/","name":"The Estate - Domaine Arquiris","isPartOf":{"@id":"https:\/\/www.domainearquiris.com\/#website"},"datePublished":"2018-05-10T06:59:45+00:00","dateModified":"2022-08-13T18:24:49+00:00","breadcrumb":{"@id":"https:\/\/www.domainearquiris.com\/fr\/the-estate\/#breadcrumb"},"inLanguage":"de","potentialAction":[{"@type":"ReadAction","target":["https:\/\/www.domainearquiris.com\/fr\/the-estate\/"]}]},{"@type":"BreadcrumbList","@id":"https:\/\/www.domainearquiris.com\/fr\/the-estate\/#breadcrumb","itemListElement":[{"@type":"ListItem","position":1,"name":"Home","item":"https:\/\/www.domainearquiris.com\/"},{"@type":"ListItem","position":2,"name":"The Estate"}]},{"@type":"WebSite","@id":"https:\/\/www.domainearquiris.com\/#website","url":"https:\/\/www.domainearquiris.com\/","name":"Domaine Arquiris","description":"Winary","potentialAction":[{"@type":"SearchAction","target":{"@type":"EntryPoint","urlTemplate":"https:\/\/www.domainearquiris.com\/?s={search_term_string}"},"query-input":"required name=search_term_string"}],"inLanguage":"de"}]}},"_links":{"self":[{"href":"https:\/\/www.domainearquiris.com\/de\/wp-json\/wp\/v2\/pages\/1788","targetHints":{"allow":["GET"]}}],"collection":[{"href":"https:\/\/www.domainearquiris.com\/de\/wp-json\/wp\/v2\/pages"}],"about":[{"href":"https:\/\/www.domainearquiris.com\/de\/wp-json\/wp\/v2\/types\/page"}],"author":[{"embeddable":true,"href":"https:\/\/www.domainearquiris.com\/de\/wp-json\/wp\/v2\/users\/1"}],"replies":[{"embeddable":true,"href":"https:\/\/www.domainearquiris.com\/de\/wp-json\/wp\/v2\/comments?post=1788"}],"version-history":[{"count":98,"href":"https:\/\/www.domainearquiris.com\/de\/wp-json\/wp\/v2\/pages\/1788\/revisions"}],"predecessor-version":[{"id":4060,"href":"https:\/\/www.domainearquiris.com\/de\/wp-json\/wp\/v2\/pages\/1788\/revisions\/4060"}],"wp:attachment":[{"href":"https:\/\/www.domainearquiris.com\/de\/wp-json\/wp\/v2\/media?parent=1788"}],"curies":[{"name":"wp","href":"https:\/\/api.w.org\/{rel}","templated":true}]}}